{"id":835,"date":"2025-09-12T15:05:20","date_gmt":"2025-09-12T13:05:20","guid":{"rendered":"https:\/\/leiarabou.portfolio-communication.fr\/?page_id=835"},"modified":"2026-03-25T10:01:52","modified_gmt":"2026-03-25T09:01:52","slug":"835-2","status":"publish","type":"page","link":"https:\/\/leiarabou.portfolio-communication.fr\/?page_id=835","title":{"rendered":"TGN"},"content":{"rendered":"<p>[et_pb_section fb_built=\u00a0\u00bb1&Prime; _builder_version=\u00a0\u00bb4.24.0&Prime; _module_preset=\u00a0\u00bbdefault\u00a0\u00bb hover_enabled=\u00a0\u00bb0&Prime; global_colors_info=\u00a0\u00bb{%22gcid-1947064e-1394-4cc1-b659-fa6a1a48d3c0%22:%91%22background_color%22%93}\u00a0\u00bb background_color=\u00a0\u00bbgcid-1947064e-1394-4cc1-b659-fa6a1a48d3c0&Prime; sticky_enabled=\u00a0\u00bb0&Prime;][et_pb_row column_structure=\u00a0\u00bb1_2,1_2&Prime; _builder_version=\u00a0\u00bb4.27.4&Prime; _module_preset=\u00a0\u00bbdefault\u00a0\u00bb global_colors_info=\u00a0\u00bb{}\u00a0\u00bb][et_pb_column type=\u00a0\u00bb1_2&Prime; _builder_version=\u00a0\u00bb4.27.4&Prime; _module_preset=\u00a0\u00bbdefault\u00a0\u00bb global_colors_info=\u00a0\u00bb{}\u00a0\u00bb][et_pb_video src=\u00a0\u00bbhttps:\/\/leiarabou.portfolio-communication.fr\/wp-content\/uploads\/2026\/03\/v24044gl0000d1mikfvog65prqb6ndmg-1.mp4&Prime; src_webm=\u00a0\u00bbhttps:\/\/leiarabou.portfolio-communication.fr\/wp-content\/uploads\/2025\/09\/Video-TGN409.mp4&Prime; _builder_version=\u00a0\u00bb4.24.0&Prime; _module_preset=\u00a0\u00bbdefault\u00a0\u00bb global_colors_info=\u00a0\u00bb{}\u00a0\u00bb][\/et_pb_video][\/et_pb_column][et_pb_column type=\u00a0\u00bb1_2&Prime; _builder_version=\u00a0\u00bb4.27.4&Prime; _module_preset=\u00a0\u00bbdefault\u00a0\u00bb global_colors_info=\u00a0\u00bb{}\u00a0\u00bb][et_pb_text _builder_version=\u00a0\u00bb4.24.0&Prime; _module_preset=\u00a0\u00bbdefault\u00a0\u00bb text_font=\u00a0\u00bbAbyssinica SIL||||||||\u00a0\u00bb hover_enabled=\u00a0\u00bb0&Prime; global_colors_info=\u00a0\u00bb{}\u00a0\u00bb sticky_enabled=\u00a0\u00bb0&Prime;]<\/p>\n<h2><em><strong>Vid\u00e9o pour un entretien chez TGN 409<\/strong><\/em><\/h2>\n<p><span style=\"color: #000000;\">J&rsquo;ai r\u00e9alis\u00e9 ce r\u00e9el destin\u00e9 au compte Instragram de la marque de joiallerie TGN409. Ce f\u00fbt dans le cadre d&rsquo;un entretien, j&rsquo;ai eu une trentaine de minutes pour faire des prises de vues puis une heure afin de monter la vid\u00e9o, trouver une musique et une l\u00e9gende.<\/span><\/p>\n<p>&nbsp;<\/p>\n<p>[\/et_pb_text][\/et_pb_column][\/et_pb_row][\/et_pb_section]<\/p>\n","protected":false},"excerpt":{"rendered":"<p>Vid\u00e9o pour un entretien chez TGN 409 J&rsquo;ai r\u00e9alis\u00e9 ce r\u00e9el destin\u00e9 au compte Instragram de la marque de joiallerie TGN409. Ce f\u00fbt dans le cadre d&rsquo;un entretien, j&rsquo;ai eu une trentaine de minutes pour faire des prises de vues puis une heure afin de monter la vid\u00e9o, trouver une musique et une l\u00e9gende. &nbsp;<\/p>\n","protected":false},"author":1,"featured_media":0,"parent":0,"menu_order":0,"comment_status":"closed","ping_status":"closed","template":"","meta":{"_et_pb_use_builder":"on","_et_pb_old_content":"","_et_gb_content_width":"","footnotes":""},"class_list":["post-835","page","type-page","status-publish","hentry"],"_hostinger_reach_plugin_has_subscription_block":false,"_hostinger_reach_plugin_is_elementor":false,"_links":{"self":[{"href":"https:\/\/leiarabou.portfolio-communication.fr\/index.php?rest_route=\/wp\/v2\/pages\/835","targetHints":{"allow":["GET"]}}],"collection":[{"href":"https:\/\/leiarabou.portfolio-communication.fr\/index.php?rest_route=\/wp\/v2\/pages"}],"about":[{"href":"https:\/\/leiarabou.portfolio-communication.fr\/index.php?rest_route=\/wp\/v2\/types\/page"}],"author":[{"embeddable":true,"href":"https:\/\/leiarabou.portfolio-communication.fr\/index.php?rest_route=\/wp\/v2\/users\/1"}],"replies":[{"embeddable":true,"href":"https:\/\/leiarabou.portfolio-communication.fr\/index.php?rest_route=%2Fwp%2Fv2%2Fcomments&post=835"}],"version-history":[{"count":8,"href":"https:\/\/leiarabou.portfolio-communication.fr\/index.php?rest_route=\/wp\/v2\/pages\/835\/revisions"}],"predecessor-version":[{"id":1093,"href":"https:\/\/leiarabou.portfolio-communication.fr\/index.php?rest_route=\/wp\/v2\/pages\/835\/revisions\/1093"}],"wp:attachment":[{"href":"https:\/\/leiarabou.portfolio-communication.fr\/index.php?rest_route=%2Fwp%2Fv2%2Fmedia&parent=835"}],"curies":[{"name":"wp","href":"https:\/\/api.w.org\/{rel}","templated":true}]}}