{"id":774,"date":"2025-08-25T20:03:24","date_gmt":"2025-08-25T18:03:24","guid":{"rendered":"https:\/\/leiarabou.portfolio-communication.fr\/?page_id=774"},"modified":"2026-03-25T10:06:41","modified_gmt":"2026-03-25T09:06:41","slug":"infographie-stream-idreau-livree-des-voitures-f1-2025","status":"publish","type":"page","link":"https:\/\/leiarabou.portfolio-communication.fr\/?page_id=774","title":{"rendered":"Infographie Stream Idreau: livr\u00e9e des voitures F1 2025"},"content":{"rendered":"<p>[et_pb_section fb_built=\u00a0\u00bb1&Prime; _builder_version=\u00a0\u00bb4.24.0&Prime; _module_preset=\u00a0\u00bbdefault\u00a0\u00bb hover_enabled=\u00a0\u00bb0&Prime; global_colors_info=\u00a0\u00bb{%22gcid-1947064e-1394-4cc1-b659-fa6a1a48d3c0%22:%91%22background_color%22%93}\u00a0\u00bb background_color=\u00a0\u00bbgcid-1947064e-1394-4cc1-b659-fa6a1a48d3c0&Prime; sticky_enabled=\u00a0\u00bb0&Prime;][et_pb_row column_structure=\u00a0\u00bb1_2,1_2&Prime; _builder_version=\u00a0\u00bb4.27.4&Prime; _module_preset=\u00a0\u00bbdefault\u00a0\u00bb global_colors_info=\u00a0\u00bb{}\u00a0\u00bb][et_pb_column type=\u00a0\u00bb1_2&Prime; _builder_version=\u00a0\u00bb4.27.4&Prime; _module_preset=\u00a0\u00bbdefault\u00a0\u00bb global_colors_info=\u00a0\u00bb{}\u00a0\u00bb][et_pb_text _builder_version=\u00a0\u00bb4.24.0&Prime; _module_preset=\u00a0\u00bbdefault\u00a0\u00bb text_font=\u00a0\u00bbAbyssinica SIL||||||||\u00a0\u00bb hover_enabled=\u00a0\u00bb0&Prime; global_colors_info=\u00a0\u00bb{}\u00a0\u00bb sticky_enabled=\u00a0\u00bb0&Prime;]<\/p>\n<h1><span style=\"color: #000000;\"><em><strong>Statistiques du stream Twitch d&rsquo;Idreau pour les livr\u00e9es 2025 de Formule 1\u00a0<\/strong><\/em><\/span><\/h1>\n<p><span style=\"color: #000000;\">Comme chaque ann\u00e9e le moment des livr\u00e9es des voitures en Formule 1 est tr\u00e8s attendu. Il y a une grande c\u00e9r\u00e9monie organis\u00e9e, avec les pilotes, des personnages du monde de la F1, des journalistes.<\/span><\/p>\n<p><span style=\"color: #000000;\">Comme chaque ann\u00e9e \u00e9galement, Idreau a stream\u00e9 sur Twitch cette soir\u00e9e. J&rsquo;ai donc fait un r\u00e9capitulatif des statistiques du live sous forme d&rsquo;infographie, avec comme charte graphique l&rsquo;univers Twitch.<\/span><\/p>\n<p>[\/et_pb_text][\/et_pb_column][et_pb_column type=\u00a0\u00bb1_2&Prime; _builder_version=\u00a0\u00bb4.27.4&Prime; _module_preset=\u00a0\u00bbdefault\u00a0\u00bb global_colors_info=\u00a0\u00bb{}\u00a0\u00bb][et_pb_image src=\u00a0\u00bbhttps:\/\/leiarabou.portfolio-communication.fr\/wp-content\/uploads\/2026\/03\/infographie-stream.png\u00a0\u00bb alt=\u00a0\u00bbinfographie stream\u00a0\u00bb title_text=\u00a0\u00bbinfographie stream\u00a0\u00bb _builder_version=\u00a0\u00bb4.24.0&Prime; _module_preset=\u00a0\u00bbdefault\u00a0\u00bb global_colors_info=\u00a0\u00bb{}\u00a0\u00bb][\/et_pb_image][\/et_pb_column][\/et_pb_row][\/et_pb_section]<\/p>\n","protected":false},"excerpt":{"rendered":"<p>Statistiques du stream Twitch d&rsquo;Idreau pour les livr\u00e9es 2025 de Formule 1\u00a0 Comme chaque ann\u00e9e le moment des livr\u00e9es des voitures en Formule 1 est tr\u00e8s attendu. Il y a une grande c\u00e9r\u00e9monie organis\u00e9e, avec les pilotes, des personnages du monde de la F1, des journalistes. Comme chaque ann\u00e9e \u00e9galement, Idreau a stream\u00e9 sur Twitch [&hellip;]<\/p>\n","protected":false},"author":1,"featured_media":0,"parent":0,"menu_order":0,"comment_status":"closed","ping_status":"closed","template":"","meta":{"_et_pb_use_builder":"on","_et_pb_old_content":"<!-- wp:divi\/placeholder \/-->","_et_gb_content_width":"","footnotes":""},"class_list":["post-774","page","type-page","status-publish","hentry"],"_hostinger_reach_plugin_has_subscription_block":false,"_hostinger_reach_plugin_is_elementor":false,"_links":{"self":[{"href":"https:\/\/leiarabou.portfolio-communication.fr\/index.php?rest_route=\/wp\/v2\/pages\/774","targetHints":{"allow":["GET"]}}],"collection":[{"href":"https:\/\/leiarabou.portfolio-communication.fr\/index.php?rest_route=\/wp\/v2\/pages"}],"about":[{"href":"https:\/\/leiarabou.portfolio-communication.fr\/index.php?rest_route=\/wp\/v2\/types\/page"}],"author":[{"embeddable":true,"href":"https:\/\/leiarabou.portfolio-communication.fr\/index.php?rest_route=\/wp\/v2\/users\/1"}],"replies":[{"embeddable":true,"href":"https:\/\/leiarabou.portfolio-communication.fr\/index.php?rest_route=%2Fwp%2Fv2%2Fcomments&post=774"}],"version-history":[{"count":5,"href":"https:\/\/leiarabou.portfolio-communication.fr\/index.php?rest_route=\/wp\/v2\/pages\/774\/revisions"}],"predecessor-version":[{"id":1101,"href":"https:\/\/leiarabou.portfolio-communication.fr\/index.php?rest_route=\/wp\/v2\/pages\/774\/revisions\/1101"}],"wp:attachment":[{"href":"https:\/\/leiarabou.portfolio-communication.fr\/index.php?rest_route=%2Fwp%2Fv2%2Fmedia&parent=774"}],"curies":[{"name":"wp","href":"https:\/\/api.w.org\/{rel}","templated":true}]}}