{"id":772,"date":"2025-08-25T20:02:36","date_gmt":"2025-08-25T18:02:36","guid":{"rendered":"https:\/\/leiarabou.portfolio-communication.fr\/?page_id=772"},"modified":"2026-03-25T10:06:05","modified_gmt":"2026-03-25T09:06:05","slug":"infographie-gp-australie-f1-idreau","status":"publish","type":"page","link":"https:\/\/leiarabou.portfolio-communication.fr\/?page_id=772","title":{"rendered":"Infographie GP Australie F1 Idreau"},"content":{"rendered":"<p>[et_pb_section fb_built=\u00a0\u00bb1&Prime; _builder_version=\u00a0\u00bb4.24.0&Prime; _module_preset=\u00a0\u00bbdefault\u00a0\u00bb hover_enabled=\u00a0\u00bb0&Prime; global_colors_info=\u00a0\u00bb{%22gcid-1947064e-1394-4cc1-b659-fa6a1a48d3c0%22:%91%22background_color%22%93}\u00a0\u00bb background_color=\u00a0\u00bbgcid-1947064e-1394-4cc1-b659-fa6a1a48d3c0&Prime; sticky_enabled=\u00a0\u00bb0&Prime;][et_pb_row column_structure=\u00a0\u00bb1_2,1_2&Prime; _builder_version=\u00a0\u00bb4.27.4&Prime; _module_preset=\u00a0\u00bbdefault\u00a0\u00bb global_colors_info=\u00a0\u00bb{}\u00a0\u00bb][et_pb_column type=\u00a0\u00bb1_2&Prime; _builder_version=\u00a0\u00bb4.27.4&Prime; _module_preset=\u00a0\u00bbdefault\u00a0\u00bb global_colors_info=\u00a0\u00bb{}\u00a0\u00bb][et_pb_image src=\u00a0\u00bbhttps:\/\/leiarabou.portfolio-communication.fr\/wp-content\/uploads\/2026\/03\/GP-Australie-Les-stats-7.png\u00a0\u00bb alt=\u00a0\u00bbGP Australie Les stats\u00a0\u00bb title_text=\u00a0\u00bbGP Australie Les stats\u00a0\u00bb _builder_version=\u00a0\u00bb4.24.0&Prime; _module_preset=\u00a0\u00bbdefault\u00a0\u00bb global_colors_info=\u00a0\u00bb{}\u00a0\u00bb][\/et_pb_image][\/et_pb_column][et_pb_column type=\u00a0\u00bb1_2&Prime; _builder_version=\u00a0\u00bb4.27.4&Prime; _module_preset=\u00a0\u00bbdefault\u00a0\u00bb global_colors_info=\u00a0\u00bb{}\u00a0\u00bb][et_pb_text _builder_version=\u00a0\u00bb4.24.0&Prime; _module_preset=\u00a0\u00bbdefault\u00a0\u00bb text_font=\u00a0\u00bbAbyssinica SIL||||||||\u00a0\u00bb hover_enabled=\u00a0\u00bb0&Prime; global_colors_info=\u00a0\u00bb{}\u00a0\u00bb sticky_enabled=\u00a0\u00bb0&Prime;]<\/p>\n<h1><span style=\"color: #000000;\"><strong><i>Infographie des statistiques des deux modes de retransmission du GP d&rsquo;Australie : Youtube &amp; Twitch<\/i><\/strong><\/span><\/h1>\n<p><span style=\"color: #000000;\">Lors du Grand Prix d&rsquo;Australie, Idreau a organis\u00e9 deux lives, un sur YouTube et le second sur Twitch, comme \u00e0 chaque GP. La nouveaut\u00e9 \u00e9tait YouTube.\u00a0<\/span><\/p>\n<p><span style=\"color: #000000;\">J&rsquo;ai donc r\u00e9alis\u00e9 une infographie qui reprend les deux grands axes des deux lives : Le nombre de spectateurs en moyenne, au maximum et uniques. Le tout en utilisant une charte graphique repr\u00e9sentant Spin Production, l&rsquo;entreprise de production d&rsquo;Idreau.\u00a0<\/span><\/p>\n<p>[\/et_pb_text][\/et_pb_column][\/et_pb_row][\/et_pb_section]<\/p>\n","protected":false},"excerpt":{"rendered":"<p>Infographie des statistiques des deux modes de retransmission du GP d&rsquo;Australie : Youtube &amp; Twitch Lors du Grand Prix d&rsquo;Australie, Idreau a organis\u00e9 deux lives, un sur YouTube et le second sur Twitch, comme \u00e0 chaque GP. La nouveaut\u00e9 \u00e9tait YouTube.\u00a0 J&rsquo;ai donc r\u00e9alis\u00e9 une infographie qui reprend les deux grands axes des deux lives [&hellip;]<\/p>\n","protected":false},"author":1,"featured_media":0,"parent":0,"menu_order":0,"comment_status":"closed","ping_status":"closed","template":"","meta":{"_et_pb_use_builder":"on","_et_pb_old_content":"<!-- wp:divi\/placeholder \/-->","_et_gb_content_width":"","footnotes":""},"class_list":["post-772","page","type-page","status-publish","hentry"],"_hostinger_reach_plugin_has_subscription_block":false,"_hostinger_reach_plugin_is_elementor":false,"_links":{"self":[{"href":"https:\/\/leiarabou.portfolio-communication.fr\/index.php?rest_route=\/wp\/v2\/pages\/772","targetHints":{"allow":["GET"]}}],"collection":[{"href":"https:\/\/leiarabou.portfolio-communication.fr\/index.php?rest_route=\/wp\/v2\/pages"}],"about":[{"href":"https:\/\/leiarabou.portfolio-communication.fr\/index.php?rest_route=\/wp\/v2\/types\/page"}],"author":[{"embeddable":true,"href":"https:\/\/leiarabou.portfolio-communication.fr\/index.php?rest_route=\/wp\/v2\/users\/1"}],"replies":[{"embeddable":true,"href":"https:\/\/leiarabou.portfolio-communication.fr\/index.php?rest_route=%2Fwp%2Fv2%2Fcomments&post=772"}],"version-history":[{"count":6,"href":"https:\/\/leiarabou.portfolio-communication.fr\/index.php?rest_route=\/wp\/v2\/pages\/772\/revisions"}],"predecessor-version":[{"id":1100,"href":"https:\/\/leiarabou.portfolio-communication.fr\/index.php?rest_route=\/wp\/v2\/pages\/772\/revisions\/1100"}],"wp:attachment":[{"href":"https:\/\/leiarabou.portfolio-communication.fr\/index.php?rest_route=%2Fwp%2Fv2%2Fmedia&parent=772"}],"curies":[{"name":"wp","href":"https:\/\/api.w.org\/{rel}","templated":true}]}}