{"id":696,"date":"2025-01-07T16:07:24","date_gmt":"2025-01-07T15:07:24","guid":{"rendered":"https:\/?page_id=696"},"modified":"2026-03-25T10:03:54","modified_gmt":"2026-03-25T09:03:54","slug":"vrai-projet-tuteure-saint-valentin","status":"publish","type":"page","link":"https:\/\/leiarabou.portfolio-communication.fr\/?page_id=696","title":{"rendered":"Vrai projet tuteur\u00e9 Saint Valentin"},"content":{"rendered":"<p>[et_pb_section fb_built=\u00a0\u00bb1&Prime; _builder_version=\u00a0\u00bb4.24.0&Prime; _module_preset=\u00a0\u00bbdefault\u00a0\u00bb hover_enabled=\u00a0\u00bb0&Prime; global_colors_info=\u00a0\u00bb{%22gcid-1947064e-1394-4cc1-b659-fa6a1a48d3c0%22:%91%22background_color%22%93}\u00a0\u00bb background_color=\u00a0\u00bbgcid-1947064e-1394-4cc1-b659-fa6a1a48d3c0&Prime; sticky_enabled=\u00a0\u00bb0&Prime;][et_pb_row column_structure=\u00a0\u00bb1_2,1_2&Prime; _builder_version=\u00a0\u00bb4.24.0&Prime; _module_preset=\u00a0\u00bbdefault\u00a0\u00bb global_colors_info=\u00a0\u00bb{}\u00a0\u00bb][et_pb_column type=\u00a0\u00bb1_2&Prime; _builder_version=\u00a0\u00bb4.24.0&Prime; _module_preset=\u00a0\u00bbdefault\u00a0\u00bb global_colors_info=\u00a0\u00bb{}\u00a0\u00bb][et_pb_text _builder_version=\u00a0\u00bb4.24.0&Prime; _module_preset=\u00a0\u00bbdefault\u00a0\u00bb text_font=\u00a0\u00bbAbyssinica SIL||||||||\u00a0\u00bb global_colors_info=\u00a0\u00bb{}\u00a0\u00bb]<\/p>\n<h2><span style=\"color: #000000;\"><em><strong>Projet tuteur\u00e9 Saint Valentin<\/strong><\/em><\/span><\/h2>\n<p><span style=\"color: #000000;\"><em><strong><\/strong><\/em><\/span><\/p>\n<p><span style=\"color: #000000;\">Durant notre projet d&rsquo;Accueil et Coh\u00e9sion, nous avons souhait\u00e9 faire un \u00e9v\u00e8nement autour de la Saint Valentin. Nous \u00e9tions sur la Sans Valentin, c&rsquo;est \u00e0 dire que m\u00eame sans valentin ou valentine, tout le monde pouvait participer \u00e0 notre \u00e9v\u00e8nement.\u00a0<\/span><\/p>\n<p><span style=\"color: #000000; font-size: 14px;\">Nous avons donc fait plus d&rsquo;une centaines de fleurs en papier cr\u00e9pon et fils de m\u00e9tal pour les tiges. Nous avons ensuite install\u00e9 un stand au milieu de notre cour.\u00a0<\/span><\/p>\n<p><span style=\"color: #000000;\">Le soucis \u00e9tant que nous n&rsquo;avions pas le droit de faire de la vente \u00e0 proprement parler. Mais notre objectif \u00e9tait \u00e9galement de faire rentrer des fonds pour l&rsquo;association afin d&rsquo;organiser un \u00e9v\u00e8nement de fin d&rsquo;ann\u00e9e : une soir\u00e9e ap\u00e9ro dinatoire pour c\u00e9l\u00e9brer la fin d&rsquo;ann\u00e9e. De plus nous voulions avoir assez de fonds afin d&rsquo;offrir \u00e0 un\/une \u00e9tudiant(e) une place pour le gala de l&rsquo;IUT, en effet le prix de la place \u00e9tant assez \u00e9lev\u00e9, certains \u00e9tudiants ne pouvaient pas venir. Nous avons donc d\u00e9cid\u00e9 d&rsquo;offrir une place.\u00a0<\/span><\/p>\n<p><span style=\"color: #000000;\">Nous avons donc organis\u00e9 cette distribution sous forme de dons. Chaque personne nous donnait ce qu&rsquo;elle voulait (elle pouvait ne rien donner). Nous avons r\u00e9ussi \u00e0 r\u00e9colter pas loin de 50 euros.\u00a0<\/span><\/p>\n<p><span style=\"color: #000000;\">Tout le monde \u00e9tait ravi et nous avons distribu\u00e9 toutes nos fleurs.\u00a0<\/span><\/p>\n<p>[\/et_pb_text][et_pb_image src=\u00a0\u00bbhttps:\/\/leiarabou.portfolio-communication.fr\/wp-content\/uploads\/2026\/03\/image00004.jpg\u00a0\u00bb title_text=\u00a0\u00bbSaint Valentin\u00a0\u00bb _builder_version=\u00a0\u00bb4.24.0&Prime; _module_preset=\u00a0\u00bbdefault\u00a0\u00bb global_colors_info=\u00a0\u00bb{}\u00a0\u00bb][\/et_pb_image][\/et_pb_column][et_pb_column type=\u00a0\u00bb1_2&Prime; _builder_version=\u00a0\u00bb4.24.0&Prime; _module_preset=\u00a0\u00bbdefault\u00a0\u00bb global_colors_info=\u00a0\u00bb{}\u00a0\u00bb][et_pb_image src=\u00a0\u00bbhttps:\/\/leiarabou.portfolio-communication.fr\/wp-content\/uploads\/2026\/03\/image00005.jpg\u00a0\u00bb title_text=\u00a0\u00bbst valentin\u00a0\u00bb _builder_version=\u00a0\u00bb4.24.0&Prime; _module_preset=\u00a0\u00bbdefault\u00a0\u00bb global_colors_info=\u00a0\u00bb{}\u00a0\u00bb][\/et_pb_image][et_pb_image src=\u00a0\u00bbhttps:\/\/leiarabou.portfolio-communication.fr\/wp-content\/uploads\/2026\/03\/image00003-scaled.jpg\u00a0\u00bb title_text=\u00a0\u00bbpr\u00e9paration saint valentin \u00a0\u00bb _builder_version=\u00a0\u00bb4.24.0&Prime; _module_preset=\u00a0\u00bbdefault\u00a0\u00bb global_colors_info=\u00a0\u00bb{}\u00a0\u00bb][\/et_pb_image][\/et_pb_column][\/et_pb_row][\/et_pb_section]<\/p>\n","protected":false},"excerpt":{"rendered":"<p>Projet tuteur\u00e9 Saint Valentin Durant notre projet d&rsquo;Accueil et Coh\u00e9sion, nous avons souhait\u00e9 faire un \u00e9v\u00e8nement autour de la Saint Valentin. Nous \u00e9tions sur la Sans Valentin, c&rsquo;est \u00e0 dire que m\u00eame sans valentin ou valentine, tout le monde pouvait participer \u00e0 notre \u00e9v\u00e8nement.\u00a0 Nous avons donc fait plus d&rsquo;une centaines de fleurs en papier [&hellip;]<\/p>\n","protected":false},"author":1,"featured_media":0,"parent":0,"menu_order":0,"comment_status":"closed","ping_status":"closed","template":"","meta":{"_et_pb_use_builder":"on","_et_pb_old_content":"","_et_gb_content_width":"","footnotes":""},"class_list":["post-696","page","type-page","status-publish","hentry"],"_hostinger_reach_plugin_has_subscription_block":false,"_hostinger_reach_plugin_is_elementor":false,"_links":{"self":[{"href":"https:\/\/leiarabou.portfolio-communication.fr\/index.php?rest_route=\/wp\/v2\/pages\/696","targetHints":{"allow":["GET"]}}],"collection":[{"href":"https:\/\/leiarabou.portfolio-communication.fr\/index.php?rest_route=\/wp\/v2\/pages"}],"about":[{"href":"https:\/\/leiarabou.portfolio-communication.fr\/index.php?rest_route=\/wp\/v2\/types\/page"}],"author":[{"embeddable":true,"href":"https:\/\/leiarabou.portfolio-communication.fr\/index.php?rest_route=\/wp\/v2\/users\/1"}],"replies":[{"embeddable":true,"href":"https:\/\/leiarabou.portfolio-communication.fr\/index.php?rest_route=%2Fwp%2Fv2%2Fcomments&post=696"}],"version-history":[{"count":8,"href":"https:\/\/leiarabou.portfolio-communication.fr\/index.php?rest_route=\/wp\/v2\/pages\/696\/revisions"}],"predecessor-version":[{"id":1097,"href":"https:\/\/leiarabou.portfolio-communication.fr\/index.php?rest_route=\/wp\/v2\/pages\/696\/revisions\/1097"}],"wp:attachment":[{"href":"https:\/\/leiarabou.portfolio-communication.fr\/index.php?rest_route=%2Fwp%2Fv2%2Fmedia&parent=696"}],"curies":[{"name":"wp","href":"https:\/\/api.w.org\/{rel}","templated":true}]}}