{"id":692,"date":"2025-01-07T16:06:37","date_gmt":"2025-01-07T15:06:37","guid":{"rendered":"https:\/?page_id=692"},"modified":"2026-03-25T10:04:28","modified_gmt":"2026-03-25T09:04:28","slug":"vrai-projet-tuteure-santa-secret","status":"publish","type":"page","link":"https:\/\/leiarabou.portfolio-communication.fr\/?page_id=692","title":{"rendered":"Vrai projet tuteur\u00e9 Santa Secret"},"content":{"rendered":"<p>[et_pb_section fb_built=\u00a0\u00bb1&Prime; _builder_version=\u00a0\u00bb4.24.0&Prime; _module_preset=\u00a0\u00bbdefault\u00a0\u00bb custom_padding=\u00a0\u00bb54px|||||\u00a0\u00bb hover_enabled=\u00a0\u00bb0&Prime; global_colors_info=\u00a0\u00bb{%22gcid-1947064e-1394-4cc1-b659-fa6a1a48d3c0%22:%91%22background_color%22%93}\u00a0\u00bb background_color=\u00a0\u00bbgcid-1947064e-1394-4cc1-b659-fa6a1a48d3c0&Prime; sticky_enabled=\u00a0\u00bb0&Prime;][et_pb_row column_structure=\u00a0\u00bb1_2,1_2&Prime; _builder_version=\u00a0\u00bb4.24.0&Prime; _module_preset=\u00a0\u00bbdefault\u00a0\u00bb global_colors_info=\u00a0\u00bb{}\u00a0\u00bb][et_pb_column type=\u00a0\u00bb1_2&Prime; _builder_version=\u00a0\u00bb4.24.0&Prime; _module_preset=\u00a0\u00bbdefault\u00a0\u00bb global_colors_info=\u00a0\u00bb{}\u00a0\u00bb][et_pb_text _builder_version=\u00a0\u00bb4.24.0&Prime; _module_preset=\u00a0\u00bbdefault\u00a0\u00bb text_font=\u00a0\u00bbAbyssinica SIL||||||||\u00a0\u00bb hover_enabled=\u00a0\u00bb0&Prime; global_colors_info=\u00a0\u00bb{}\u00a0\u00bb sticky_enabled=\u00a0\u00bb0&Prime;]<\/p>\n<h2><span style=\"color: #000000;\"><em><strong>Projet tuteur\u00e9 Santa Secret<\/strong><\/em><\/span><\/h2>\n<p><span style=\"color: #000000;\"><em><strong><\/strong><\/em><\/span><\/p>\n<p><span style=\"color: #000000;\"><em><\/em>Pour c\u00e9l\u00e9brer la fin de l&rsquo;ann\u00e9e, nous avons d\u00e9cid\u00e9 de faire un Secret Santa entre \u00e9tudiants de 1\u00e8re et 2\u00e8me ann\u00e9e. Nous avons donc fait des sondages pour connaitre le nombre de participants, nous avons effectu\u00e9 un tirage au sort afin que chaque \u00e9tudiant ai son p\u00e8re no\u00ebl secret.\u00a0<\/span><\/p>\n<p><span style=\"color: #000000;\">Nous avons donc organis\u00e9 un go\u00fbter, nous avons achet\u00e9 la nourriture, nous avons d\u00e9cor\u00e9 la salle et tout le monde \u00e9tait ravi. Nous avons bien discut\u00e9 et bien rigol\u00e9.\u00a0<\/span><\/p>\n<p>[\/et_pb_text][et_pb_image src=\u00a0\u00bbhttps:\/\/leiarabou.portfolio-communication.fr\/wp-content\/uploads\/2026\/03\/image00013-scaled.jpg\u00a0\u00bb title_text=\u00a0\u00bbno\u00ebl\u00a0\u00bb _builder_version=\u00a0\u00bb4.24.0&Prime; _module_preset=\u00a0\u00bbdefault\u00a0\u00bb global_colors_info=\u00a0\u00bb{}\u00a0\u00bb][\/et_pb_image][\/et_pb_column][et_pb_column type=\u00a0\u00bb1_2&Prime; _builder_version=\u00a0\u00bb4.24.0&Prime; _module_preset=\u00a0\u00bbdefault\u00a0\u00bb global_colors_info=\u00a0\u00bb{}\u00a0\u00bb][et_pb_image src=\u00a0\u00bbhttps:\/\/leiarabou.portfolio-communication.fr\/wp-content\/uploads\/2026\/03\/image00010-scaled.jpg\u00a0\u00bb title_text=\u00a0\u00bbno\u00ebl\u00a0\u00bb _builder_version=\u00a0\u00bb4.24.0&Prime; _module_preset=\u00a0\u00bbdefault\u00a0\u00bb global_colors_info=\u00a0\u00bb{}\u00a0\u00bb][\/et_pb_image][et_pb_image src=\u00a0\u00bbhttps:\/\/leiarabou.portfolio-communication.fr\/wp-content\/uploads\/2026\/03\/image00014-scaled.jpg\u00a0\u00bb title_text=\u00a0\u00bbSecret santa\u00a0\u00bb _builder_version=\u00a0\u00bb4.24.0&Prime; _module_preset=\u00a0\u00bbdefault\u00a0\u00bb global_colors_info=\u00a0\u00bb{}\u00a0\u00bb][\/et_pb_image][\/et_pb_column][\/et_pb_row][\/et_pb_section]<\/p>\n","protected":false},"excerpt":{"rendered":"<p>Projet tuteur\u00e9 Santa Secret Pour c\u00e9l\u00e9brer la fin de l&rsquo;ann\u00e9e, nous avons d\u00e9cid\u00e9 de faire un Secret Santa entre \u00e9tudiants de 1\u00e8re et 2\u00e8me ann\u00e9e. Nous avons donc fait des sondages pour connaitre le nombre de participants, nous avons effectu\u00e9 un tirage au sort afin que chaque \u00e9tudiant ai son p\u00e8re no\u00ebl secret.\u00a0 Nous avons [&hellip;]<\/p>\n","protected":false},"author":1,"featured_media":0,"parent":0,"menu_order":0,"comment_status":"closed","ping_status":"closed","template":"","meta":{"_et_pb_use_builder":"on","_et_pb_old_content":"","_et_gb_content_width":"","footnotes":""},"class_list":["post-692","page","type-page","status-publish","hentry"],"_hostinger_reach_plugin_has_subscription_block":false,"_hostinger_reach_plugin_is_elementor":false,"_links":{"self":[{"href":"https:\/\/leiarabou.portfolio-communication.fr\/index.php?rest_route=\/wp\/v2\/pages\/692","targetHints":{"allow":["GET"]}}],"collection":[{"href":"https:\/\/leiarabou.portfolio-communication.fr\/index.php?rest_route=\/wp\/v2\/pages"}],"about":[{"href":"https:\/\/leiarabou.portfolio-communication.fr\/index.php?rest_route=\/wp\/v2\/types\/page"}],"author":[{"embeddable":true,"href":"https:\/\/leiarabou.portfolio-communication.fr\/index.php?rest_route=\/wp\/v2\/users\/1"}],"replies":[{"embeddable":true,"href":"https:\/\/leiarabou.portfolio-communication.fr\/index.php?rest_route=%2Fwp%2Fv2%2Fcomments&post=692"}],"version-history":[{"count":7,"href":"https:\/\/leiarabou.portfolio-communication.fr\/index.php?rest_route=\/wp\/v2\/pages\/692\/revisions"}],"predecessor-version":[{"id":1098,"href":"https:\/\/leiarabou.portfolio-communication.fr\/index.php?rest_route=\/wp\/v2\/pages\/692\/revisions\/1098"}],"wp:attachment":[{"href":"https:\/\/leiarabou.portfolio-communication.fr\/index.php?rest_route=%2Fwp%2Fv2%2Fmedia&parent=692"}],"curies":[{"name":"wp","href":"https:\/\/api.w.org\/{rel}","templated":true}]}}