{"id":65,"date":"2024-02-15T15:10:07","date_gmt":"2024-02-15T14:10:07","guid":{"rendered":"https:\/?page_id=65"},"modified":"2026-03-25T10:07:30","modified_gmt":"2026-03-25T09:07:30","slug":"posts-instagram-theatre-de-la-croix-rousse-lyon","status":"publish","type":"page","link":"https:\/\/leiarabou.portfolio-communication.fr\/?page_id=65","title":{"rendered":"Posts Instagram Th\u00e9\u00e2tre de la Croix Rousse Lyon"},"content":{"rendered":"<p>[et_pb_section fb_built=\u00a0\u00bb1&Prime; _builder_version=\u00a0\u00bb4.24.0&Prime; _module_preset=\u00a0\u00bbdefault\u00a0\u00bb hover_enabled=\u00a0\u00bb0&Prime; global_colors_info=\u00a0\u00bb{%22gcid-1947064e-1394-4cc1-b659-fa6a1a48d3c0%22:%91%22background_color%22%93}\u00a0\u00bb background_color=\u00a0\u00bbgcid-1947064e-1394-4cc1-b659-fa6a1a48d3c0&Prime; sticky_enabled=\u00a0\u00bb0&Prime;][et_pb_row _builder_version=\u00a0\u00bb4.24.0&Prime; _module_preset=\u00a0\u00bbdefault\u00a0\u00bb global_colors_info=\u00a0\u00bb{}\u00a0\u00bb][et_pb_column type=\u00a0\u00bb4_4&Prime; _builder_version=\u00a0\u00bb4.24.0&Prime; _module_preset=\u00a0\u00bbdefault\u00a0\u00bb global_colors_info=\u00a0\u00bb{}\u00a0\u00bb][et_pb_text _builder_version=\u00a0\u00bb4.24.0&Prime; _module_preset=\u00a0\u00bbdefault\u00a0\u00bb text_font=\u00a0\u00bbAbyssinica SIL||||||||\u00a0\u00bb text_text_color=\u00a0\u00bb#000000&Prime; global_colors_info=\u00a0\u00bb{}\u00a0\u00bb]<\/p>\n<h1><span style=\"color: #000000;\"><em><strong>D\u00e9pliant Th\u00e9\u00e2tre de la Croix Rousse<\/strong><\/em><\/span><\/h1>\n<p><span style=\"color: #000000;\">Dans le cadre de mes cours de PAO de premi\u00e8re ann\u00e9e nous devions refaire un d\u00e9pliant du th\u00e9\u00e2tre de la Croix Rousse selon le mod\u00e8le donn\u00e9 par notre professeur.<\/span><\/p>\n<p><span style=\"color: #000000;\">J&rsquo;ai refait la face du d\u00e9pliant \u00e0 ma mani\u00e8re en s\u00e9l\u00e9ctionnant des images repr\u00e9sentant Lyon et la famille que j&rsquo;ai trouv\u00e9 sur des sites d&rsquo;images libres de droit. J&rsquo;ai ensuite retravaill\u00e9 les photos afin de les styliser, changer leurs textures, leurs couleurs&#8230; puis je les ai assembl\u00e9es ensemble afin de cr\u00e9er un d\u00e9cor.\u00a0<\/span><\/p>\n<p><span style=\"color: #000000;\">De plus ce projet nous demandait la cr\u00e9ation d&rsquo;un QR code qui a \u00e9t\u00e9 ins\u00e9r\u00e9 sur InDesign.\u00a0<\/span><\/p>\n<p><span style=\"color: #000000;\">L&rsquo;objectif de ce travail de PAO \u00e9tait de nous entrainer \u00e0 reproduire du texte, cr\u00e9er des blocs, et ins\u00e9rer des images sur InDesign.\u00a0<\/span><\/p>\n<p>[\/et_pb_text][\/et_pb_column][\/et_pb_row][et_pb_row column_structure=\u00a0\u00bb1_2,1_2&Prime; _builder_version=\u00a0\u00bb4.24.0&Prime; _module_preset=\u00a0\u00bbdefault\u00a0\u00bb global_colors_info=\u00a0\u00bb{}\u00a0\u00bb][et_pb_column type=\u00a0\u00bb1_2&Prime; _builder_version=\u00a0\u00bb4.24.0&Prime; _module_preset=\u00a0\u00bbdefault\u00a0\u00bb global_colors_info=\u00a0\u00bb{}\u00a0\u00bb][et_pb_image src=\u00a0\u00bbhttps:\/\/leiarabou.portfolio-communication.fr\/wp-content\/uploads\/2026\/03\/Capture-decran-2026-03-18-192301.png\u00a0\u00bb title_text=\u00a0\u00bbCapture d&rsquo;\u00e9cran 2026-03-18 192301&Prime; _builder_version=\u00a0\u00bb4.24.0&Prime; _module_preset=\u00a0\u00bbdefault\u00a0\u00bb width=\u00a0\u00bb100%\u00a0\u00bb global_colors_info=\u00a0\u00bb{}\u00a0\u00bb][\/et_pb_image][\/et_pb_column][et_pb_column type=\u00a0\u00bb1_2&Prime; _builder_version=\u00a0\u00bb4.24.0&Prime; _module_preset=\u00a0\u00bbdefault\u00a0\u00bb global_colors_info=\u00a0\u00bb{}\u00a0\u00bb][et_pb_image src=\u00a0\u00bbhttps:\/\/leiarabou.portfolio-communication.fr\/wp-content\/uploads\/2026\/03\/Capture-decran-2026-03-18-192316.png\u00a0\u00bb title_text=\u00a0\u00bbCapture d&rsquo;\u00e9cran 2026-03-18 192316&Prime; _builder_version=\u00a0\u00bb4.24.0&Prime; _module_preset=\u00a0\u00bbdefault\u00a0\u00bb global_colors_info=\u00a0\u00bb{}\u00a0\u00bb][\/et_pb_image][\/et_pb_column][\/et_pb_row][\/et_pb_section]<\/p>\n","protected":false},"excerpt":{"rendered":"<p>D\u00e9pliant Th\u00e9\u00e2tre de la Croix Rousse Dans le cadre de mes cours de PAO de premi\u00e8re ann\u00e9e nous devions refaire un d\u00e9pliant du th\u00e9\u00e2tre de la Croix Rousse selon le mod\u00e8le donn\u00e9 par notre professeur. J&rsquo;ai refait la face du d\u00e9pliant \u00e0 ma mani\u00e8re en s\u00e9l\u00e9ctionnant des images repr\u00e9sentant Lyon et la famille que j&rsquo;ai [&hellip;]<\/p>\n","protected":false},"author":1,"featured_media":0,"parent":0,"menu_order":0,"comment_status":"closed","ping_status":"closed","template":"","meta":{"_et_pb_use_builder":"on","_et_pb_old_content":"","_et_gb_content_width":"","footnotes":""},"class_list":["post-65","page","type-page","status-publish","hentry"],"_hostinger_reach_plugin_has_subscription_block":false,"_hostinger_reach_plugin_is_elementor":false,"_links":{"self":[{"href":"https:\/\/leiarabou.portfolio-communication.fr\/index.php?rest_route=\/wp\/v2\/pages\/65","targetHints":{"allow":["GET"]}}],"collection":[{"href":"https:\/\/leiarabou.portfolio-communication.fr\/index.php?rest_route=\/wp\/v2\/pages"}],"about":[{"href":"https:\/\/leiarabou.portfolio-communication.fr\/index.php?rest_route=\/wp\/v2\/types\/page"}],"author":[{"embeddable":true,"href":"https:\/\/leiarabou.portfolio-communication.fr\/index.php?rest_route=\/wp\/v2\/users\/1"}],"replies":[{"embeddable":true,"href":"https:\/\/leiarabou.portfolio-communication.fr\/index.php?rest_route=%2Fwp%2Fv2%2Fcomments&post=65"}],"version-history":[{"count":9,"href":"https:\/\/leiarabou.portfolio-communication.fr\/index.php?rest_route=\/wp\/v2\/pages\/65\/revisions"}],"predecessor-version":[{"id":1103,"href":"https:\/\/leiarabou.portfolio-communication.fr\/index.php?rest_route=\/wp\/v2\/pages\/65\/revisions\/1103"}],"wp:attachment":[{"href":"https:\/\/leiarabou.portfolio-communication.fr\/index.php?rest_route=%2Fwp%2Fv2%2Fmedia&parent=65"}],"curies":[{"name":"wp","href":"https:\/\/api.w.org\/{rel}","templated":true}]}}