{"id":539,"date":"2024-02-28T01:24:13","date_gmt":"2024-02-28T00:24:13","guid":{"rendered":"https:\/?page_id=539"},"modified":"2026-03-25T10:02:14","modified_gmt":"2026-03-25T09:02:14","slug":"projet-tuteure-saint-valentin","status":"publish","type":"page","link":"https:\/\/leiarabou.portfolio-communication.fr\/?page_id=539","title":{"rendered":"La gastronomie Lyonnaise"},"content":{"rendered":"<p>[et_pb_section fb_built=\u00a0\u00bb1&Prime; _builder_version=\u00a0\u00bb4.24.0&Prime; _module_preset=\u00a0\u00bbdefault\u00a0\u00bb hover_enabled=\u00a0\u00bb0&Prime; global_colors_info=\u00a0\u00bb{%22gcid-1947064e-1394-4cc1-b659-fa6a1a48d3c0%22:%91%22background_color%22%93}\u00a0\u00bb background_color=\u00a0\u00bbgcid-1947064e-1394-4cc1-b659-fa6a1a48d3c0&Prime; sticky_enabled=\u00a0\u00bb0&Prime;][et_pb_row column_structure=\u00a0\u00bb1_2,1_2&Prime; _builder_version=\u00a0\u00bb4.24.0&Prime; _module_preset=\u00a0\u00bbdefault\u00a0\u00bb global_colors_info=\u00a0\u00bb{}\u00a0\u00bb][et_pb_column type=\u00a0\u00bb1_2&Prime; _builder_version=\u00a0\u00bb4.24.0&Prime; _module_preset=\u00a0\u00bbdefault\u00a0\u00bb global_colors_info=\u00a0\u00bb{}\u00a0\u00bb][et_pb_text _builder_version=\u00a0\u00bb4.24.0&Prime; _module_preset=\u00a0\u00bbdefault\u00a0\u00bb text_font=\u00a0\u00bbAbyssinica SIL||||||||\u00a0\u00bb global_colors_info=\u00a0\u00bb{}\u00a0\u00bb]<\/p>\n<h1><em><strong><span style=\"color: #000000;\">Publicit\u00e9 ISCOM x Pioucube: La Gastronomie Lyonnaise<\/span><\/strong><\/em><\/h1>\n<p><span style=\"color: #000000;\">Avec l&rsquo;ISCOM nous avons eu l&rsquo;occasion de cr\u00e9er une publicit\u00e9 de A \u00e0 Z avec l&rsquo;agence de publicit\u00e9 Pioucube.\u00a0<\/span><\/p>\n<p><span style=\"color: #000000;\">Nous avons eu 1 semaine pour trouver un sc\u00e9nario, le filmer, le monter. Nous \u00e9tions par groupe de 4. Nous avions des contraintes impos\u00e9es: il fallait que notre publicit\u00e9 soit sur le th\u00e8me de la Gastronomie et nous devions int\u00e9grer un objet qui \u00e9tait : les chaussettes.\u00a0<\/span><\/p>\n<p><span style=\"color: #000000;\">Nous avons donc tourn\u00e9 dans un restaurant Lyonnais, en chaussettes! Notre id\u00e9e \u00e9tait vraiment de montrer que Lyon et ses bouchons c&rsquo;est comme \u00e0 la maison ! Nous mangeons bien, nous sommes \u00e0 l&rsquo;aise, tout le confort que nous pouvons avoir chez nous.\u00a0<\/span><\/p>\n<p><span style=\"color: #000000;\">Nous nous sommes vraiment amus\u00e9es \u00e0 faire ce projet !\u00a0<\/span><\/p>\n<p>&nbsp;<\/p>\n<p>[\/et_pb_text][\/et_pb_column][et_pb_column type=\u00a0\u00bb1_2&Prime; _builder_version=\u00a0\u00bb4.24.0&Prime; _module_preset=\u00a0\u00bbdefault\u00a0\u00bb global_colors_info=\u00a0\u00bb{}\u00a0\u00bb][et_pb_video_slider _builder_version=\u00a0\u00bb4.24.0&Prime; _module_preset=\u00a0\u00bbdefault\u00a0\u00bb global_colors_info=\u00a0\u00bb{}\u00a0\u00bb][et_pb_video_slider_item src=\u00a0\u00bbhttps:\/\/leiarabou.portfolio-communication.fr\/wp-content\/uploads\/2026\/03\/Gastronomie.mp4&Prime; _builder_version=\u00a0\u00bb4.24.0&Prime; _module_preset=\u00a0\u00bbdefault\u00a0\u00bb global_colors_info=\u00a0\u00bb{}\u00a0\u00bb show_image_overlay=\u00a0\u00bboff\u00a0\u00bb][\/et_pb_video_slider_item][\/et_pb_video_slider][\/et_pb_column][\/et_pb_row][\/et_pb_section]<\/p>\n","protected":false},"excerpt":{"rendered":"<p>Publicit\u00e9 ISCOM x Pioucube: La Gastronomie Lyonnaise Avec l&rsquo;ISCOM nous avons eu l&rsquo;occasion de cr\u00e9er une publicit\u00e9 de A \u00e0 Z avec l&rsquo;agence de publicit\u00e9 Pioucube.\u00a0 Nous avons eu 1 semaine pour trouver un sc\u00e9nario, le filmer, le monter. Nous \u00e9tions par groupe de 4. Nous avions des contraintes impos\u00e9es: il fallait que notre publicit\u00e9 [&hellip;]<\/p>\n","protected":false},"author":1,"featured_media":0,"parent":0,"menu_order":0,"comment_status":"closed","ping_status":"closed","template":"","meta":{"_et_pb_use_builder":"on","_et_pb_old_content":"","_et_gb_content_width":"","footnotes":""},"class_list":["post-539","page","type-page","status-publish","hentry"],"_hostinger_reach_plugin_has_subscription_block":false,"_hostinger_reach_plugin_is_elementor":false,"_links":{"self":[{"href":"https:\/\/leiarabou.portfolio-communication.fr\/index.php?rest_route=\/wp\/v2\/pages\/539","targetHints":{"allow":["GET"]}}],"collection":[{"href":"https:\/\/leiarabou.portfolio-communication.fr\/index.php?rest_route=\/wp\/v2\/pages"}],"about":[{"href":"https:\/\/leiarabou.portfolio-communication.fr\/index.php?rest_route=\/wp\/v2\/types\/page"}],"author":[{"embeddable":true,"href":"https:\/\/leiarabou.portfolio-communication.fr\/index.php?rest_route=\/wp\/v2\/users\/1"}],"replies":[{"embeddable":true,"href":"https:\/\/leiarabou.portfolio-communication.fr\/index.php?rest_route=%2Fwp%2Fv2%2Fcomments&post=539"}],"version-history":[{"count":12,"href":"https:\/\/leiarabou.portfolio-communication.fr\/index.php?rest_route=\/wp\/v2\/pages\/539\/revisions"}],"predecessor-version":[{"id":1094,"href":"https:\/\/leiarabou.portfolio-communication.fr\/index.php?rest_route=\/wp\/v2\/pages\/539\/revisions\/1094"}],"wp:attachment":[{"href":"https:\/\/leiarabou.portfolio-communication.fr\/index.php?rest_route=%2Fwp%2Fv2%2Fmedia&parent=539"}],"curies":[{"name":"wp","href":"https:\/\/api.w.org\/{rel}","templated":true}]}}