{"id":459,"date":"2024-02-23T20:21:01","date_gmt":"2024-02-23T19:21:01","guid":{"rendered":"https:\/?page_id=459"},"modified":"2026-03-25T10:07:05","modified_gmt":"2026-03-25T09:07:05","slug":"flyer-opera-de-lyon","status":"publish","type":"page","link":"https:\/\/leiarabou.portfolio-communication.fr\/?page_id=459","title":{"rendered":"Flyer Op\u00e9ra de Lyon"},"content":{"rendered":"<p>[et_pb_section fb_built=\u00a0\u00bb1&Prime; _builder_version=\u00a0\u00bb4.24.0&Prime; _module_preset=\u00a0\u00bbdefault\u00a0\u00bb hover_enabled=\u00a0\u00bb0&Prime; global_colors_info=\u00a0\u00bb{%22gcid-1947064e-1394-4cc1-b659-fa6a1a48d3c0%22:%91%22background_color%22%93}\u00a0\u00bb background_color=\u00a0\u00bbgcid-1947064e-1394-4cc1-b659-fa6a1a48d3c0&Prime; sticky_enabled=\u00a0\u00bb0&Prime;][et_pb_row _builder_version=\u00a0\u00bb4.24.0&Prime; _module_preset=\u00a0\u00bbdefault\u00a0\u00bb global_colors_info=\u00a0\u00bb{}\u00a0\u00bb][et_pb_column type=\u00a0\u00bb4_4&Prime; _builder_version=\u00a0\u00bb4.24.0&Prime; _module_preset=\u00a0\u00bbdefault\u00a0\u00bb global_colors_info=\u00a0\u00bb{}\u00a0\u00bb][et_pb_text _builder_version=\u00a0\u00bb4.24.0&Prime; _module_preset=\u00a0\u00bbdefault\u00a0\u00bb text_font=\u00a0\u00bbAbyssinica SIL||||||||\u00a0\u00bb global_colors_info=\u00a0\u00bb{}\u00a0\u00bb]<\/p>\n<h1><span style=\"color: #000000;\"><em><strong>Flyer pour l&rsquo;Op\u00e9ra de Lyon\u00a0<\/strong><\/em><\/span><\/h1>\n<p><span style=\"color: #000000;\">J&rsquo;ai r\u00e9alis\u00e9 ce projet durant mes cours de PAO de premi\u00e8re ann\u00e9e. Tout comme le d\u00e9pliant pour le th\u00e9\u00e2tre de la Croix Rousse, l&rsquo;objectif \u00e9tait de s&rsquo;entrainer \u00e0 InDesign en reproduisant un mod\u00e8le que notre professeur nous avait donn\u00e9.\u00a0<\/span><\/p>\n<p>[\/et_pb_text][et_pb_image src=\u00a0\u00bbhttps:\/\/leiarabou.portfolio-communication.fr\/wp-content\/uploads\/2026\/03\/Capture-decran-2026-03-18-181805-1.png\u00a0\u00bb title_text=\u00a0\u00bbCapture d&rsquo;\u00e9cran 2026-03-18 181805&Prime; _builder_version=\u00a0\u00bb4.24.0&Prime; _module_preset=\u00a0\u00bbdefault\u00a0\u00bb global_colors_info=\u00a0\u00bb{}\u00a0\u00bb][\/et_pb_image][\/et_pb_column][\/et_pb_row][\/et_pb_section]<\/p>\n","protected":false},"excerpt":{"rendered":"<p>Flyer pour l&rsquo;Op\u00e9ra de Lyon\u00a0 J&rsquo;ai r\u00e9alis\u00e9 ce projet durant mes cours de PAO de premi\u00e8re ann\u00e9e. Tout comme le d\u00e9pliant pour le th\u00e9\u00e2tre de la Croix Rousse, l&rsquo;objectif \u00e9tait de s&rsquo;entrainer \u00e0 InDesign en reproduisant un mod\u00e8le que notre professeur nous avait donn\u00e9.\u00a0<\/p>\n","protected":false},"author":1,"featured_media":0,"parent":0,"menu_order":0,"comment_status":"closed","ping_status":"closed","template":"","meta":{"_et_pb_use_builder":"on","_et_pb_old_content":"","_et_gb_content_width":"","footnotes":""},"class_list":["post-459","page","type-page","status-publish","hentry"],"_hostinger_reach_plugin_has_subscription_block":false,"_hostinger_reach_plugin_is_elementor":false,"_links":{"self":[{"href":"https:\/\/leiarabou.portfolio-communication.fr\/index.php?rest_route=\/wp\/v2\/pages\/459","targetHints":{"allow":["GET"]}}],"collection":[{"href":"https:\/\/leiarabou.portfolio-communication.fr\/index.php?rest_route=\/wp\/v2\/pages"}],"about":[{"href":"https:\/\/leiarabou.portfolio-communication.fr\/index.php?rest_route=\/wp\/v2\/types\/page"}],"author":[{"embeddable":true,"href":"https:\/\/leiarabou.portfolio-communication.fr\/index.php?rest_route=\/wp\/v2\/users\/1"}],"replies":[{"embeddable":true,"href":"https:\/\/leiarabou.portfolio-communication.fr\/index.php?rest_route=%2Fwp%2Fv2%2Fcomments&post=459"}],"version-history":[{"count":9,"href":"https:\/\/leiarabou.portfolio-communication.fr\/index.php?rest_route=\/wp\/v2\/pages\/459\/revisions"}],"predecessor-version":[{"id":1102,"href":"https:\/\/leiarabou.portfolio-communication.fr\/index.php?rest_route=\/wp\/v2\/pages\/459\/revisions\/1102"}],"wp:attachment":[{"href":"https:\/\/leiarabou.portfolio-communication.fr\/index.php?rest_route=%2Fwp%2Fv2%2Fmedia&parent=459"}],"curies":[{"name":"wp","href":"https:\/\/api.w.org\/{rel}","templated":true}]}}