{"id":44,"date":"2024-02-15T13:35:28","date_gmt":"2024-02-15T12:35:28","guid":{"rendered":"https:\/?page_id=44"},"modified":"2026-03-25T10:05:07","modified_gmt":"2026-03-25T09:05:07","slug":"articles-du-magazine-nouvelles","status":"publish","type":"page","link":"https:\/\/leiarabou.portfolio-communication.fr\/?page_id=44","title":{"rendered":"Articles du magazine \u00ab\u00a0Nouvelles\u00a0\u00bb"},"content":{"rendered":"<p>[et_pb_section fb_built=\u00a0\u00bb1&Prime; _builder_version=\u00a0\u00bb4.24.0&Prime; _module_preset=\u00a0\u00bbdefault\u00a0\u00bb hover_enabled=\u00a0\u00bb0&Prime; global_colors_info=\u00a0\u00bb{%22gcid-1947064e-1394-4cc1-b659-fa6a1a48d3c0%22:%91%22background_color%22%93}\u00a0\u00bb background_color=\u00a0\u00bbgcid-1947064e-1394-4cc1-b659-fa6a1a48d3c0&Prime; sticky_enabled=\u00a0\u00bb0&Prime;][et_pb_row _builder_version=\u00a0\u00bb4.24.0&Prime; _module_preset=\u00a0\u00bbdefault\u00a0\u00bb global_colors_info=\u00a0\u00bb{}\u00a0\u00bb][et_pb_column type=\u00a0\u00bb4_4&Prime; _builder_version=\u00a0\u00bb4.24.0&Prime; _module_preset=\u00a0\u00bbdefault\u00a0\u00bb global_colors_info=\u00a0\u00bb{}\u00a0\u00bb][et_pb_text _builder_version=\u00a0\u00bb4.24.0&Prime; _module_preset=\u00a0\u00bbdefault\u00a0\u00bb text_font=\u00a0\u00bbAbyssinica SIL||||||||\u00a0\u00bb quote_font=\u00a0\u00bbAbyssinica SIL||||||||\u00a0\u00bb header_font=\u00a0\u00bbAbyssinica SIL||||||||\u00a0\u00bb header_font_size=\u00a0\u00bb37px\u00a0\u00bb header_2_font=\u00a0\u00bbAbyssinica SIL||||||||\u00a0\u00bb header_2_font_size=\u00a0\u00bb28px\u00a0\u00bb header_3_font=\u00a0\u00bbAbyssinica SIL||on||||||\u00a0\u00bb header_3_font_size=\u00a0\u00bb25px\u00a0\u00bb min_height=\u00a0\u00bb380.1px\u00a0\u00bb global_colors_info=\u00a0\u00bb{}\u00a0\u00bb]<\/p>\n<h1><em><strong>Interviews et articles pour le magazine de la ville de Bourgoin-Jallieu : Nouvelles<\/strong><\/em><\/h1>\n<p>&nbsp;<\/p>\n<p><span style=\"color: #000000;\">J&rsquo;ai eu la chance lors de ma premi\u00e8re ann\u00e9e de BUT de faire mon stage de fin d&rsquo;ann\u00e9e au sein du service de communication de la Ville de Bourgoin Jallieu.<\/span><\/p>\n<p><span style=\"color: #000000;\">J&rsquo;ai pu travailler avec des graphistes, une charg\u00e9e de communication interne, une manager, une community manager et un <strong>journaliste territorial<\/strong>. Etant passionn\u00e9e par le domaine du journalisme ce stage f\u00fbt tr\u00e8s int\u00e9ressant. J&rsquo;ai pu perfectionn\u00e9 mes techniques de r\u00e9dactions (voici ici 4 articles que j&rsquo;ai eu la chance d&rsquo;\u00e9crire). Le journaliste avec qui je travaillais, Monsieur Miagoux, m&rsquo;a appris \u00e0 r\u00e9aliser des interviews, \u00e0 les pr\u00e9parer en amont, \u00e0 r\u00e9diger un article avec une mise en forme pr\u00e9cise ( je n&rsquo;oublie plus jamais le chapeau d&rsquo;un article maintenant \ud83d\ude09 )<\/span><\/p>\n<p><span style=\"color: #000000;\">Ce qui a \u00e9t\u00e9 encore plus g\u00e9nial dans ce stage c&rsquo;est que la ville de Bourgoin-Jallieu accueillait <strong>l&rsquo;\u00e9quipe du XV d&rsquo;Italie<\/strong> \u00e0 l&rsquo;occasion de la <strong>Coupe du Monde de Rugby 2023<\/strong>. Pour l&rsquo;occasion, je me suis dit que ce serait tr\u00e8s int\u00e9ressant d&rsquo;avoir <strong>l&rsquo;interview d&rsquo;un des joueurs de l&rsquo;\u00e9quipe<\/strong>. Monsieur Miagoux f\u00fbt d&rsquo;accord et me proposa alors de la pr\u00e9parer et la r\u00e9aliser. J&rsquo;avais pour objectif de faire <b>l&rsquo;interview d&rsquo;Ange Capuozzo, joueur international du XV d&rsquo;Italie et joueur au Stade Toulousain<\/b> (mon \u00e9quipe de c\u0153ur). J&rsquo;ai donc contact\u00e9 son manager, nous avons convenu d&rsquo;un rendez-vous et l&rsquo;interview f\u00fbt r\u00e9aliser.<\/span><\/p>\n<p>&nbsp;<\/p>\n<p>&nbsp;<\/p>\n<p>[\/et_pb_text][et_pb_button button_url=\u00a0\u00bb@ET-DC@eyJkeW5hbWljIjp0cnVlLCJjb250ZW50IjoicG9zdF9saW5rX3VybF9hdHRhY2htZW50Iiwic2V0dGluZ3MiOnsicG9zdF9pZCI6Ijk1NSJ9fQ==@\u00a0\u00bb url_new_window=\u00a0\u00bbon\u00a0\u00bb button_text=\u00a0\u00bbPDF du magazine \u00e0 t\u00e9l\u00e9charger ici \u00a0\u00bb _builder_version=\u00a0\u00bb4.24.0&Prime; _dynamic_attributes=\u00a0\u00bbbutton_url\u00a0\u00bb _module_preset=\u00a0\u00bbdefault\u00a0\u00bb custom_button=\u00a0\u00bbon\u00a0\u00bb button_text_color=\u00a0\u00bb#000000&Prime; button_font=\u00a0\u00bbAbyssinica SIL||||||||\u00a0\u00bb global_colors_info=\u00a0\u00bb{}\u00a0\u00bb][\/et_pb_button][\/et_pb_column][\/et_pb_row][\/et_pb_section][et_pb_section fb_built=\u00a0\u00bb1&Prime; _builder_version=\u00a0\u00bb4.24.0&Prime; _module_preset=\u00a0\u00bbdefault\u00a0\u00bb custom_padding=\u00a0\u00bb0px|||||\u00a0\u00bb hover_enabled=\u00a0\u00bb0&Prime; global_colors_info=\u00a0\u00bb{%22gcid-1947064e-1394-4cc1-b659-fa6a1a48d3c0%22:%91%22background_color%22%93}\u00a0\u00bb background_color=\u00a0\u00bbgcid-1947064e-1394-4cc1-b659-fa6a1a48d3c0&Prime; sticky_enabled=\u00a0\u00bb0&Prime;][et_pb_row column_structure=\u00a0\u00bb1_2,1_2&Prime; _builder_version=\u00a0\u00bb4.24.0&Prime; _module_preset=\u00a0\u00bbdefault\u00a0\u00bb global_colors_info=\u00a0\u00bb{}\u00a0\u00bb][et_pb_column type=\u00a0\u00bb1_2&Prime; _builder_version=\u00a0\u00bb4.24.0&Prime; _module_preset=\u00a0\u00bbdefault\u00a0\u00bb global_colors_info=\u00a0\u00bb{}\u00a0\u00bb][et_pb_image src=\u00a0\u00bbhttps:\/\/leiarabou.portfolio-communication.fr\/wp-content\/uploads\/2026\/03\/Capture-decran-2026-03-18-181539.png\u00a0\u00bb title_text=\u00a0\u00bbArticle Victor Charreton\u00a0\u00bb _builder_version=\u00a0\u00bb4.24.0&Prime; _module_preset=\u00a0\u00bbdefault\u00a0\u00bb global_colors_info=\u00a0\u00bb{}\u00a0\u00bb][\/et_pb_image][\/et_pb_column][et_pb_column type=\u00a0\u00bb1_2&Prime; _builder_version=\u00a0\u00bb4.24.0&Prime; _module_preset=\u00a0\u00bbdefault\u00a0\u00bb global_colors_info=\u00a0\u00bb{}\u00a0\u00bb][et_pb_text _builder_version=\u00a0\u00bb4.24.0&Prime; _module_preset=\u00a0\u00bbdefault\u00a0\u00bb text_font=\u00a0\u00bbAbyssinica SIL||||||||\u00a0\u00bb global_colors_info=\u00a0\u00bb{}\u00a0\u00bb]<\/p>\n<h1><span style=\"color: #000000;\"><em><strong>Article sur l&rsquo;exposition Victor Charreton\u00a0<\/strong><\/em><\/span><\/h1>\n<p><span style=\"color: #000000;\">Je suis all\u00e9e voir la nouvelle exposition du mus\u00e9e de la ville sur Victor Charreton et j&rsquo;ai ensuite \u00e9crit un article dessus. Je me suis aid\u00e9e d&rsquo;un communiqu\u00e9 de presse que l&rsquo;on m&rsquo;avait transmis, de ce que j&rsquo;avais vu lors de l&rsquo;exposition et d&rsquo;une entrevue que j&rsquo;ai eu avec la directrice du mus\u00e9e.<\/span><\/p>\n<p>[\/et_pb_text][\/et_pb_column][\/et_pb_row][et_pb_row column_structure=\u00a0\u00bb1_2,1_2&Prime; _builder_version=\u00a0\u00bb4.24.0&Prime; _module_preset=\u00a0\u00bbdefault\u00a0\u00bb global_colors_info=\u00a0\u00bb{}\u00a0\u00bb][et_pb_column type=\u00a0\u00bb1_2&Prime; _builder_version=\u00a0\u00bb4.24.0&Prime; _module_preset=\u00a0\u00bbdefault\u00a0\u00bb global_colors_info=\u00a0\u00bb{}\u00a0\u00bb][et_pb_text _builder_version=\u00a0\u00bb4.24.0&Prime; _module_preset=\u00a0\u00bbdefault\u00a0\u00bb text_font=\u00a0\u00bbAbyssinica SIL||||||||\u00a0\u00bb global_colors_info=\u00a0\u00bb{}\u00a0\u00bb]<\/p>\n<h1><span style=\"color: #000000;\"><em><strong>Article sur la r\u00e9novation de la Chapelle de Mozas<\/strong><\/em><\/span><\/h1>\n<p><span style=\"color: #000000;\">Avec Monsieur Miagoux nous sommes all\u00e9s dans la commune de Mozas afin d&rsquo;interviewer des membres de l&rsquo;association Chapelle Saint-Barth\u00e9l\u00e9my. Ils r\u00e9novent depuis quelques ann\u00e9es maintenant cette ancienne chapelle pour lui redonner vie.<\/span><\/p>\n<p>[\/et_pb_text][\/et_pb_column][et_pb_column type=\u00a0\u00bb1_2&Prime; _builder_version=\u00a0\u00bb4.24.0&Prime; _module_preset=\u00a0\u00bbdefault\u00a0\u00bb global_colors_info=\u00a0\u00bb{}\u00a0\u00bb][et_pb_image src=\u00a0\u00bbhttps:\/\/leiarabou.portfolio-communication.fr\/wp-content\/uploads\/2026\/03\/Capture-decran-2026-03-18-181552.png\u00a0\u00bb title_text=\u00a0\u00bbArticle Chapelle Mozas\u00a0\u00bb _builder_version=\u00a0\u00bb4.24.0&Prime; _module_preset=\u00a0\u00bbdefault\u00a0\u00bb width=\u00a0\u00bb100%\u00a0\u00bb max_width=\u00a0\u00bb100%\u00a0\u00bb global_colors_info=\u00a0\u00bb{}\u00a0\u00bb][\/et_pb_image][\/et_pb_column][\/et_pb_row][et_pb_row column_structure=\u00a0\u00bb1_2,1_2&Prime; _builder_version=\u00a0\u00bb4.24.0&Prime; _module_preset=\u00a0\u00bbdefault\u00a0\u00bb global_colors_info=\u00a0\u00bb{}\u00a0\u00bb][et_pb_column type=\u00a0\u00bb1_2&Prime; _builder_version=\u00a0\u00bb4.24.0&Prime; _module_preset=\u00a0\u00bbdefault\u00a0\u00bb global_colors_info=\u00a0\u00bb{}\u00a0\u00bb][et_pb_image src=\u00a0\u00bbhttps:\/\/leiarabou.portfolio-communication.fr\/wp-content\/uploads\/2026\/03\/Capture-decran-2026-03-18-181603.png\u00a0\u00bb title_text=\u00a0\u00bbArticle Vibrations Mystiques\u00a0\u00bb _builder_version=\u00a0\u00bb4.24.0&Prime; _module_preset=\u00a0\u00bbdefault\u00a0\u00bb global_colors_info=\u00a0\u00bb{}\u00a0\u00bb][\/et_pb_image][\/et_pb_column][et_pb_column type=\u00a0\u00bb1_2&Prime; _builder_version=\u00a0\u00bb4.24.0&Prime; _module_preset=\u00a0\u00bbdefault\u00a0\u00bb global_colors_info=\u00a0\u00bb{}\u00a0\u00bb][et_pb_text _builder_version=\u00a0\u00bb4.24.0&Prime; _module_preset=\u00a0\u00bbdefault\u00a0\u00bb text_font=\u00a0\u00bbAbyssinica SIL||||||||\u00a0\u00bb global_colors_info=\u00a0\u00bb{}\u00a0\u00bb]<\/p>\n<h1><span style=\"color: #000000;\"><em><strong>Article sur les 25 ans de l&rsquo;association Vibrations Mystiques<\/strong><\/em><\/span><\/h1>\n<p><span style=\"color: #000000;\">Pour les 25 ans de cette association de musique Berjallienne j&rsquo;ai interwiv\u00e9 Nasser Yahiaoui le fondateur de l&rsquo;association. J&rsquo;ai ensuite r\u00e9dig\u00e9 cet article.<\/span><\/p>\n<p><span style=\"color: #000000;\">C&rsquo;\u00e9tait un travail tr\u00e8s int\u00e9ressant, Monsieur Yahiaoui est passionn\u00e9 par ce qu&rsquo;il fait, ce qui rend le dialogue extr\u00eamement simple et plaisant.<\/span><\/p>\n<p>[\/et_pb_text][\/et_pb_column][\/et_pb_row][et_pb_row column_structure=\u00a0\u00bb1_2,1_2&Prime; _builder_version=\u00a0\u00bb4.24.0&Prime; _module_preset=\u00a0\u00bbdefault\u00a0\u00bb global_colors_info=\u00a0\u00bb{}\u00a0\u00bb][et_pb_column type=\u00a0\u00bb1_2&Prime; _builder_version=\u00a0\u00bb4.24.0&Prime; _module_preset=\u00a0\u00bbdefault\u00a0\u00bb global_colors_info=\u00a0\u00bb{}\u00a0\u00bb][et_pb_text _builder_version=\u00a0\u00bb4.24.0&Prime; _module_preset=\u00a0\u00bbdefault\u00a0\u00bb text_font=\u00a0\u00bbAbyssinica SIL||||||||\u00a0\u00bb global_colors_info=\u00a0\u00bb{}\u00a0\u00bb]<\/p>\n<h1><span style=\"color: #000000;\"><em><strong>Br\u00e8ve sur les travaux de Pr\u00e9-B\u00e9nit\u00a0<\/strong><\/em><\/span><\/h1>\n<p><span style=\"color: #000000;\">Des travaux avaient lieu dans un quartier de la ville, il fallait donc communiquer dessus. J&rsquo;ai r\u00e9alis\u00e9 le visuel sur Photoshop.<\/span><\/p>\n<p>[\/et_pb_text][\/et_pb_column][et_pb_column type=\u00a0\u00bb1_2&Prime; _builder_version=\u00a0\u00bb4.24.0&Prime; _module_preset=\u00a0\u00bbdefault\u00a0\u00bb global_colors_info=\u00a0\u00bb{}\u00a0\u00bb][et_pb_image src=\u00a0\u00bbhttps:\/\/leiarabou.portfolio-communication.fr\/wp-content\/uploads\/2026\/03\/Capture-decran-2026-03-18-181635.png\u00a0\u00bb title_text=\u00a0\u00bbArticle am\u00e9nagement\u00a0\u00bb _builder_version=\u00a0\u00bb4.24.0&Prime; _module_preset=\u00a0\u00bbdefault\u00a0\u00bb global_colors_info=\u00a0\u00bb{}\u00a0\u00bb][\/et_pb_image][\/et_pb_column][\/et_pb_row][et_pb_row column_structure=\u00a0\u00bb1_2,1_2&Prime; _builder_version=\u00a0\u00bb4.24.0&Prime; _module_preset=\u00a0\u00bbdefault\u00a0\u00bb global_colors_info=\u00a0\u00bb{}\u00a0\u00bb][et_pb_column type=\u00a0\u00bb1_2&Prime; _builder_version=\u00a0\u00bb4.24.0&Prime; _module_preset=\u00a0\u00bbdefault\u00a0\u00bb global_colors_info=\u00a0\u00bb{}\u00a0\u00bb][et_pb_text _builder_version=\u00a0\u00bb4.24.0&Prime; _module_preset=\u00a0\u00bbdefault\u00a0\u00bb text_font=\u00a0\u00bbAbyssinica SIL||||||||\u00a0\u00bb global_colors_info=\u00a0\u00bb{}\u00a0\u00bb]<\/p>\n<h1><span style=\"color: #000000;\"><em><strong>Cr\u00e9ation de la page jeux<\/strong><\/em><\/span><\/h1>\n<p><span style=\"color: #000000;\"><em>\u00a0<\/em><\/span><\/p>\n<p><span style=\"color: #000000;\">Dans le cadre des vacances scolaire de l&rsquo;\u00e9t\u00e9, le magazine propose une page jeux afin d&rsquo;occuper les enfants. Cette ann\u00e9e je f\u00fbt en charge de la cr\u00e9ation de cette page.<\/span><\/p>\n<p><span style=\"color: #000000;\">Gr\u00e2ce \u00e0 un logiciel j&rsquo;ai cr\u00e9e des mots m\u00eal\u00e9s. Enfin j&rsquo;ai cr\u00e9e un coloriage en reprenant plusieurs mod\u00e8les de coloriages, en les m\u00e9langeant ensemble, en les mettant en noir et blanc. J&rsquo;ai fait ce travail sur Photoshop.<\/span><\/p>\n<p>[\/et_pb_text][\/et_pb_column][et_pb_column type=\u00a0\u00bb1_2&Prime; _builder_version=\u00a0\u00bb4.24.0&Prime; _module_preset=\u00a0\u00bbdefault\u00a0\u00bb global_colors_info=\u00a0\u00bb{}\u00a0\u00bb][\/et_pb_column][\/et_pb_row][\/et_pb_section]<\/p>\n","protected":false},"excerpt":{"rendered":"<p>Interviews et articles pour le magazine de la ville de Bourgoin-Jallieu : Nouvelles &nbsp; J&rsquo;ai eu la chance lors de ma premi\u00e8re ann\u00e9e de BUT de faire mon stage de fin d&rsquo;ann\u00e9e au sein du service de communication de la Ville de Bourgoin Jallieu. J&rsquo;ai pu travailler avec des graphistes, une charg\u00e9e de communication interne, [&hellip;]<\/p>\n","protected":false},"author":1,"featured_media":0,"parent":0,"menu_order":0,"comment_status":"closed","ping_status":"closed","template":"","meta":{"_et_pb_use_builder":"on","_et_pb_old_content":"","_et_gb_content_width":"","footnotes":""},"class_list":["post-44","page","type-page","status-publish","hentry"],"_hostinger_reach_plugin_has_subscription_block":false,"_hostinger_reach_plugin_is_elementor":false,"_links":{"self":[{"href":"https:\/\/leiarabou.portfolio-communication.fr\/index.php?rest_route=\/wp\/v2\/pages\/44","targetHints":{"allow":["GET"]}}],"collection":[{"href":"https:\/\/leiarabou.portfolio-communication.fr\/index.php?rest_route=\/wp\/v2\/pages"}],"about":[{"href":"https:\/\/leiarabou.portfolio-communication.fr\/index.php?rest_route=\/wp\/v2\/types\/page"}],"author":[{"embeddable":true,"href":"https:\/\/leiarabou.portfolio-communication.fr\/index.php?rest_route=\/wp\/v2\/users\/1"}],"replies":[{"embeddable":true,"href":"https:\/\/leiarabou.portfolio-communication.fr\/index.php?rest_route=%2Fwp%2Fv2%2Fcomments&post=44"}],"version-history":[{"count":21,"href":"https:\/\/leiarabou.portfolio-communication.fr\/index.php?rest_route=\/wp\/v2\/pages\/44\/revisions"}],"predecessor-version":[{"id":1099,"href":"https:\/\/leiarabou.portfolio-communication.fr\/index.php?rest_route=\/wp\/v2\/pages\/44\/revisions\/1099"}],"wp:attachment":[{"href":"https:\/\/leiarabou.portfolio-communication.fr\/index.php?rest_route=%2Fwp%2Fv2%2Fmedia&parent=44"}],"curies":[{"name":"wp","href":"https:\/\/api.w.org\/{rel}","templated":true}]}}