{"id":36,"date":"2024-02-15T13:27:32","date_gmt":"2024-02-15T12:27:32","guid":{"rendered":"https:\/?page_id=36"},"modified":"2026-03-25T09:59:52","modified_gmt":"2026-03-25T08:59:52","slug":"accueil-2","status":"publish","type":"page","link":"https:\/\/leiarabou.portfolio-communication.fr\/","title":{"rendered":"Accueil"},"content":{"rendered":"<p>[et_pb_section fb_built=\u00a0\u00bb1&Prime; custom_padding_last_edited=\u00a0\u00bbon|tablet\u00a0\u00bb admin_label=\u00a0\u00bbHeader\u00a0\u00bb _builder_version=\u00a0\u00bb4.24.0&Prime; background_color=\u00a0\u00bbgcid-ab5e8c47-1c41-48a4-beea-adebfbe7e363&Prime; background_enable_image=\u00a0\u00bboff\u00a0\u00bb background_size=\u00a0\u00bbcustom\u00a0\u00bb background_image_width=\u00a0\u00bb69%\u00a0\u00bb background_image_height=\u00a0\u00bb28%\u00a0\u00bb background_position=\u00a0\u00bbtop_center\u00a0\u00bb background_vertical_offset=\u00a0\u00bb0%\u00a0\u00bb min_height=\u00a0\u00bb306.6px\u00a0\u00bb custom_margin=\u00a0\u00bb||||false|false\u00a0\u00bb custom_padding=\u00a0\u00bb5px||0px||false|false\u00a0\u00bb custom_padding_tablet=\u00a0\u00bb50px||50px||true|false\u00a0\u00bb custom_padding_phone=\u00a0\u00bb\u00a0\u00bb hover_enabled=\u00a0\u00bb0&Prime; locked=\u00a0\u00bboff\u00a0\u00bb global_colors_info=\u00a0\u00bb{%22gcid-ab5e8c47-1c41-48a4-beea-adebfbe7e363%22:%91%22background_color%22%93}\u00a0\u00bb sticky_enabled=\u00a0\u00bb0&Prime;][et_pb_row column_structure=\u00a0\u00bb3_5,2_5&Prime; _builder_version=\u00a0\u00bb4.24.0&Prime; background_enable_image=\u00a0\u00bboff\u00a0\u00bb z_index=\u00a0\u00bb10&Prime; width=\u00a0\u00bb61.9%\u00a0\u00bb custom_padding=\u00a0\u00bb115px||0px|||\u00a0\u00bb global_colors_info=\u00a0\u00bb{}\u00a0\u00bb][et_pb_column type=\u00a0\u00bb3_5&Prime; _builder_version=\u00a0\u00bb4.24.0&Prime; background_enable_color=\u00a0\u00bboff\u00a0\u00bb z_index=\u00a0\u00bb11&Prime; custom_padding=\u00a0\u00bb50px|60px|50px||true|false\u00a0\u00bb custom_padding_tablet=\u00a0\u00bb0px|0px|60px||false|false\u00a0\u00bb custom_padding_phone=\u00a0\u00bb\u00a0\u00bb custom_padding_last_edited=\u00a0\u00bbon|tablet\u00a0\u00bb global_colors_info=\u00a0\u00bb{}\u00a0\u00bb][et_pb_text _builder_version=\u00a0\u00bb4.24.0&Prime; text_font=\u00a0\u00bbAbyssinica SIL||||||||\u00a0\u00bb text_font_size=\u00a0\u00bb16px\u00a0\u00bb text_line_height=\u00a0\u00bb2em\u00a0\u00bb quote_font=\u00a0\u00bbAbel||||||||\u00a0\u00bb header_font=\u00a0\u00bbAbyssinica SIL||||||||\u00a0\u00bb header_text_color=\u00a0\u00bb#000000&Prime; header_font_size=\u00a0\u00bb59px\u00a0\u00bb header_line_height=\u00a0\u00bb1.2em\u00a0\u00bb text_orientation=\u00a0\u00bbjustified\u00a0\u00bb custom_margin=\u00a0\u00bb||||false|false\u00a0\u00bb text_font_size_tablet=\u00a0\u00bb15px\u00a0\u00bb text_font_size_phone=\u00a0\u00bb14px\u00a0\u00bb text_font_size_last_edited=\u00a0\u00bbon|phone\u00a0\u00bb header_font_size_tablet=\u00a0\u00bb64px\u00a0\u00bb header_font_size_phone=\u00a0\u00bb40px\u00a0\u00bb header_font_size_last_edited=\u00a0\u00bbon|phone\u00a0\u00bb inline_fonts=\u00a0\u00bbAbyssinica SIL\u00a0\u00bb global_colors_info=\u00a0\u00bb{}\u00a0\u00bb]<\/p>\n<h1 style=\"text-align: justify;\"><span style=\"color: #000000;\">Bienvenue \u00e0 tous<\/span><\/h1>\n<p style=\"text-align: justify;\"><span style=\"color: #000000; font-family: 'Abyssinica SIL';\">Je m&rsquo;appelle Le\u00efa Rabou, je suis actuellement \u00e9tudiante en c\u00e9sure \u00e0 l&rsquo;ISCOM Lyon. En septembre 2026 j&rsquo;int\u00e8grerai le Master Marketing Strat\u00e9gie de Marque et Publicit\u00e9 de l&rsquo;ISCOM Lyon.<\/span><\/p>\n<p style=\"text-align: justify;\">\n<p>[\/et_pb_text][et_pb_image src=\u00a0\u00bbhttps:\/\/leiarabou.portfolio-communication.fr\/wp-content\/uploads\/2026\/03\/fd2967f576b988bff4aa1e41e4db652e-removebg-preview.png\u00a0\u00bb alt=\u00a0\u00bbDessin \u00a0\u00bb title_text=\u00a0\u00bbDessin \u00a0\u00bb _builder_version=\u00a0\u00bb4.24.0&Prime; _module_preset=\u00a0\u00bbdefault\u00a0\u00bb global_colors_info=\u00a0\u00bb{}\u00a0\u00bb][\/et_pb_image][\/et_pb_column][et_pb_column type=\u00a0\u00bb2_5&Prime; _builder_version=\u00a0\u00bb4.16&Prime; z_index=\u00a0\u00bb10&Prime; global_colors_info=\u00a0\u00bb{}\u00a0\u00bb][et_pb_divider show_divider=\u00a0\u00bboff\u00a0\u00bb _builder_version=\u00a0\u00bb4.16&Prime; positioning=\u00a0\u00bbabsolute\u00a0\u00bb position_origin_a=\u00a0\u00bbbottom_right\u00a0\u00bb vertical_offset=\u00a0\u00bb-60px\u00a0\u00bb horizontal_offset=\u00a0\u00bb-20px\u00a0\u00bb vertical_offset_tablet=\u00a0\u00bb\u00a0\u00bb vertical_offset_phone=\u00a0\u00bb\u00a0\u00bb vertical_offset_last_edited=\u00a0\u00bbon|phone\u00a0\u00bb horizontal_offset_tablet=\u00a0\u00bb-4vw\u00a0\u00bb horizontal_offset_phone=\u00a0\u00bb-6vw\u00a0\u00bb horizontal_offset_last_edited=\u00a0\u00bboff|desktop\u00a0\u00bb width=\u00a0\u00bb375px\u00a0\u00bb height=\u00a0\u00bb400px\u00a0\u00bb custom_margin=\u00a0\u00bb||38px||false|false\u00a0\u00bb custom_padding=\u00a0\u00bb||158px|||\u00a0\u00bb scroll_vertical_motion_enable=\u00a0\u00bbon\u00a0\u00bb scroll_vertical_motion=\u00a0\u00bb0|70|70|100|0|0|1&Prime; border_width_all=\u00a0\u00bb16px\u00a0\u00bb border_color_all=\u00a0\u00bbrgba(0,0,0,0.06)\u00a0\u00bb global_colors_info=\u00a0\u00bb{}\u00a0\u00bb][\/et_pb_divider][et_pb_image src=\u00a0\u00bbhttps:\/\/leiarabou.portfolio-communication.fr\/wp-content\/uploads\/2026\/03\/l.jpg\u00a0\u00bb alt=\u00a0\u00bbLe\u00efa\u00a0\u00bb title_text=\u00a0\u00bbLe\u00efa\u00a0\u00bb _builder_version=\u00a0\u00bb4.24.0&Prime; _module_preset=\u00a0\u00bbdefault\u00a0\u00bb global_colors_info=\u00a0\u00bb{}\u00a0\u00bb][\/et_pb_image][\/et_pb_column][\/et_pb_row][et_pb_row _builder_version=\u00a0\u00bb4.16&Prime; locked=\u00a0\u00bboff\u00a0\u00bb global_colors_info=\u00a0\u00bb{}\u00a0\u00bb][et_pb_column type=\u00a0\u00bb4_4&Prime; _builder_version=\u00a0\u00bb4.16&Prime; z_index=\u00a0\u00bb11&Prime; global_colors_info=\u00a0\u00bb{}\u00a0\u00bb][et_pb_text _builder_version=\u00a0\u00bb4.24.0&Prime; text_font=\u00a0\u00bbAbyssinica SIL||||||||\u00a0\u00bb text_font_size=\u00a0\u00bb16px\u00a0\u00bb text_line_height=\u00a0\u00bb2em\u00a0\u00bb quote_font=\u00a0\u00bbAbel||||||||\u00a0\u00bb header_font=\u00a0\u00bbAbyssinica SIL||||||||\u00a0\u00bb header_text_color=\u00a0\u00bb#000000&Prime; header_font_size=\u00a0\u00bb59px\u00a0\u00bb header_line_height=\u00a0\u00bb1.2em\u00a0\u00bb text_orientation=\u00a0\u00bbjustified\u00a0\u00bb custom_margin=\u00a0\u00bb||||false|false\u00a0\u00bb text_font_size_tablet=\u00a0\u00bb15px\u00a0\u00bb text_font_size_phone=\u00a0\u00bb14px\u00a0\u00bb text_font_size_last_edited=\u00a0\u00bbon|phone\u00a0\u00bb header_font_size_tablet=\u00a0\u00bb64px\u00a0\u00bb header_font_size_phone=\u00a0\u00bb40px\u00a0\u00bb header_font_size_last_edited=\u00a0\u00bbon|phone\u00a0\u00bb inline_fonts=\u00a0\u00bbAbyssinica SIL\u00a0\u00bb global_colors_info=\u00a0\u00bb{}\u00a0\u00bb]<\/p>\n<h1 style=\"text-align: justify;\"><span style=\"color: #000000;\">Qui suis-je en bref\u00a0<\/span><\/h1>\n<p style=\"text-align: justify;\">\n<p style=\"text-align: justify;\">\n<p>[\/et_pb_text][et_pb_text _builder_version=\u00a0\u00bb4.24.0&Prime; text_font=\u00a0\u00bbAbyssinica SIL||||||||\u00a0\u00bb text_text_color=\u00a0\u00bb#000000&Prime; text_font_size=\u00a0\u00bb18px\u00a0\u00bb text_line_height=\u00a0\u00bb1.6em\u00a0\u00bb header_font_size=\u00a0\u00bb17px\u00a0\u00bb header_3_font=\u00a0\u00bbMontserrat|600||on|||||\u00a0\u00bb header_3_text_color=\u00a0\u00bb#ff4e00&Prime; header_3_font_size=\u00a0\u00bb14px\u00a0\u00bb header_3_letter_spacing=\u00a0\u00bb2px\u00a0\u00bb header_3_line_height=\u00a0\u00bb2em\u00a0\u00bb text_orientation=\u00a0\u00bbcenter\u00a0\u00bb max_width=\u00a0\u00bb700px\u00a0\u00bb module_alignment=\u00a0\u00bbcenter\u00a0\u00bb link_option_url=\u00a0\u00bbhttps:\/\/unisphere.ucly.fr\/a-propos\/\u00a0\u00bb text_font_size_tablet=\u00a0\u00bb\u00a0\u00bb text_font_size_phone=\u00a0\u00bb20px\u00a0\u00bb text_font_size_last_edited=\u00a0\u00bbon|phone\u00a0\u00bb locked=\u00a0\u00bboff\u00a0\u00bb inline_fonts=\u00a0\u00bbAmaranth,Abyssinica SIL\u00a0\u00bb global_colors_info=\u00a0\u00bb{}\u00a0\u00bb]<\/p>\n<h2><span style=\"font-family: 'Abyssinica SIL'; font-weight: normal; font-size: large; color: #000000;\">Passionn\u00e9e de cin\u00e9ma depuis toute petite, j&rsquo;ai cr\u00e9e il y a 4 ans, avec deux amis, un podcast\u00a0 \u00ab\u00a0La Pellicule\u00a0\u00bb nous parlons des sorties cin\u00e9s du moment, de nos coups de c\u0153ur, de nos acteurs favoris&#8230; retrouvez l&rsquo;association juste <span style=\"text-decoration: underline;\">ici<\/span><\/span><\/h2>\n<h2><span style=\"font-family: 'Alike Angular'; font-weight: normal; font-size: large; color: #000000;\"><span style=\"font-family: 'Abyssinica SIL';\">J&rsquo;aime \u00e9galement beaucoup la Formule 1, j&rsquo;ai eu l&rsquo;occasion de fair un stage dans ce milieu.\u00a0<\/span><\/span><\/h2>\n<h2><span style=\"font-family: 'Alike Angular'; font-weight: normal; font-size: large; color: #000000;\"><span style=\"font-family: 'Abyssinica SIL';\">Je suis passionn\u00e9e par les voyages, d\u00e9couvrir de nouveaux pays. J&rsquo;aime \u00e9galement beaucoup la culture, d\u00e9couvir de nouvelles choses et j&rsquo;ai fait du th\u00e9\u00e2tre durant 8 ans ce qui m&rsquo;a permis d&rsquo;\u00eatre \u00e0 l&rsquo;aise face \u00e0 un public.\u00a0<\/span><\/span><\/h2>\n<p><span style=\"font-family: 'Alike Angular'; font-weight: normal; font-size: large; color: #000000;\"><span style=\"font-family: 'Abyssinica SIL';\">Je vous laisse d\u00e9couvrir le reste au fil de votre visite&#8230;<\/span><\/span><\/p>\n<p>&nbsp;<\/p>\n<p>[\/et_pb_text][et_pb_text _builder_version=\u00a0\u00bb4.24.0&Prime; text_font=\u00a0\u00bbAbyssinica SIL||||||||\u00a0\u00bb text_font_size=\u00a0\u00bb16px\u00a0\u00bb text_line_height=\u00a0\u00bb2em\u00a0\u00bb quote_font=\u00a0\u00bbAbel||||||||\u00a0\u00bb header_font=\u00a0\u00bbAbyssinica SIL||||||||\u00a0\u00bb header_text_color=\u00a0\u00bb#000000&Prime; header_font_size=\u00a0\u00bb59px\u00a0\u00bb header_line_height=\u00a0\u00bb1.2em\u00a0\u00bb text_orientation=\u00a0\u00bbjustified\u00a0\u00bb custom_margin=\u00a0\u00bb||||false|false\u00a0\u00bb text_font_size_tablet=\u00a0\u00bb15px\u00a0\u00bb text_font_size_phone=\u00a0\u00bb14px\u00a0\u00bb text_font_size_last_edited=\u00a0\u00bbon|phone\u00a0\u00bb header_font_size_tablet=\u00a0\u00bb64px\u00a0\u00bb header_font_size_phone=\u00a0\u00bb40px\u00a0\u00bb header_font_size_last_edited=\u00a0\u00bbon|phone\u00a0\u00bb inline_fonts=\u00a0\u00bbAbyssinica SIL\u00a0\u00bb global_colors_info=\u00a0\u00bb{}\u00a0\u00bb]<\/p>\n<h1 style=\"text-align: justify;\"><span style=\"color: #000000;\">Vid\u00e9o de pr\u00e9sentation\u00a0\u00a0<\/span><\/h1>\n<p style=\"text-align: justify;\">\n<p style=\"text-align: justify;\">\n<p>[\/et_pb_text][\/et_pb_column][\/et_pb_row][et_pb_row column_structure=\u00a0\u00bb1_3,1_3,1_3&Prime; _builder_version=\u00a0\u00bb4.24.0&Prime; _module_preset=\u00a0\u00bbdefault\u00a0\u00bb global_colors_info=\u00a0\u00bb{}\u00a0\u00bb][et_pb_column type=\u00a0\u00bb1_3&Prime; _builder_version=\u00a0\u00bb4.24.0&Prime; _module_preset=\u00a0\u00bbdefault\u00a0\u00bb global_colors_info=\u00a0\u00bb{}\u00a0\u00bb][\/et_pb_column][et_pb_column type=\u00a0\u00bb1_3&Prime; _builder_version=\u00a0\u00bb4.24.0&Prime; _module_preset=\u00a0\u00bbdefault\u00a0\u00bb global_colors_info=\u00a0\u00bb{}\u00a0\u00bb][et_pb_video src=\u00a0\u00bbhttps:\/\/leiarabou.portfolio-communication.fr\/wp-content\/uploads\/2026\/03\/copy_87F7AE13-D921-4208-9833-B76F8CA19A5B.mp4&Prime; _builder_version=\u00a0\u00bb4.24.0&Prime; _module_preset=\u00a0\u00bbdefault\u00a0\u00bb global_colors_info=\u00a0\u00bb{}\u00a0\u00bb][\/et_pb_video][\/et_pb_column][et_pb_column type=\u00a0\u00bb1_3&Prime; _builder_version=\u00a0\u00bb4.24.0&Prime; _module_preset=\u00a0\u00bbdefault\u00a0\u00bb global_colors_info=\u00a0\u00bb{}\u00a0\u00bb][\/et_pb_column][\/et_pb_row][et_pb_row column_structure=\u00a0\u00bb1_3,1_3,1_3&Prime; _builder_version=\u00a0\u00bb4.24.0&Prime; _module_preset=\u00a0\u00bbdefault\u00a0\u00bb global_colors_info=\u00a0\u00bb{}\u00a0\u00bb][et_pb_column type=\u00a0\u00bb1_3&Prime; _builder_version=\u00a0\u00bb4.24.0&Prime; _module_preset=\u00a0\u00bbdefault\u00a0\u00bb global_colors_info=\u00a0\u00bb{}\u00a0\u00bb][et_pb_image src=\u00a0\u00bbhttps:\/\/leiarabou.portfolio-communication.fr\/wp-content\/uploads\/2026\/03\/IMG_8674-scaled.jpg\u00a0\u00bb title_text=\u00a0\u00bbSoleil Laponie\u00a0\u00bb _builder_version=\u00a0\u00bb4.24.0&Prime; _module_preset=\u00a0\u00bbdefault\u00a0\u00bb global_colors_info=\u00a0\u00bb{}\u00a0\u00bb][\/et_pb_image][\/et_pb_column][et_pb_column type=\u00a0\u00bb1_3&Prime; _builder_version=\u00a0\u00bb4.24.0&Prime; _module_preset=\u00a0\u00bbdefault\u00a0\u00bb global_colors_info=\u00a0\u00bb{}\u00a0\u00bb][et_pb_image src=\u00a0\u00bbhttps:\/\/leiarabou.portfolio-communication.fr\/wp-content\/uploads\/2026\/03\/FF-scaled.jpg\u00a0\u00bb alt=\u00a0\u00bbMus\u00e9e miniature et cin\u00e9ma \u00a0\u00bb title_text=\u00a0\u00bbMus\u00e9e miniature et cin\u00e9ma \u00a0\u00bb _builder_version=\u00a0\u00bb4.24.0&Prime; _module_preset=\u00a0\u00bbdefault\u00a0\u00bb global_colors_info=\u00a0\u00bb{}\u00a0\u00bb][\/et_pb_image][\/et_pb_column][et_pb_column type=\u00a0\u00bb1_3&Prime; _builder_version=\u00a0\u00bb4.24.0&Prime; _module_preset=\u00a0\u00bbdefault\u00a0\u00bb global_colors_info=\u00a0\u00bb{}\u00a0\u00bb][et_pb_image src=\u00a0\u00bbhttps:\/\/leiarabou.portfolio-communication.fr\/wp-content\/uploads\/2026\/03\/IMG_8797-scaled.jpg\u00a0\u00bb alt=\u00a0\u00bbLivres Helskinki\u00a0\u00bb title_text=\u00a0\u00bbLivres Helskinki\u00a0\u00bb _builder_version=\u00a0\u00bb4.24.0&Prime; _module_preset=\u00a0\u00bbdefault\u00a0\u00bb global_colors_info=\u00a0\u00bb{}\u00a0\u00bb][\/et_pb_image][\/et_pb_column][\/et_pb_row][et_pb_row column_structure=\u00a0\u00bb1_3,1_3,1_3&Prime; _builder_version=\u00a0\u00bb4.24.0&Prime; _module_preset=\u00a0\u00bbdefault\u00a0\u00bb global_colors_info=\u00a0\u00bb{}\u00a0\u00bb][et_pb_column type=\u00a0\u00bb1_3&Prime; _builder_version=\u00a0\u00bb4.24.0&Prime; _module_preset=\u00a0\u00bbdefault\u00a0\u00bb global_colors_info=\u00a0\u00bb{}\u00a0\u00bb][et_pb_text _builder_version=\u00a0\u00bb4.24.0&Prime; _module_preset=\u00a0\u00bbdefault\u00a0\u00bb text_font=\u00a0\u00bbAbyssinica SIL||||||||\u00a0\u00bb global_colors_info=\u00a0\u00bb{}\u00a0\u00bb]<\/p>\n<p style=\"text-align: center;\"><span style=\"color: #000000;\"><strong>SOUVENIR DE LAPONIE<\/strong><\/span><\/p>\n<p>[\/et_pb_text][\/et_pb_column][et_pb_column type=\u00a0\u00bb1_3&Prime; _builder_version=\u00a0\u00bb4.24.0&Prime; _module_preset=\u00a0\u00bbdefault\u00a0\u00bb global_colors_info=\u00a0\u00bb{}\u00a0\u00bb][et_pb_text _builder_version=\u00a0\u00bb4.24.0&Prime; _module_preset=\u00a0\u00bbdefault\u00a0\u00bb text_font=\u00a0\u00bbAbyssinica SIL||||||||\u00a0\u00bb global_colors_info=\u00a0\u00bb{}\u00a0\u00bb]<\/p>\n<p style=\"text-align: center;\"><span style=\"color: #000000;\"><strong>MUSEE DE LA MINIATURE<\/strong><\/span><\/p>\n<p>[\/et_pb_text][\/et_pb_column][et_pb_column type=\u00a0\u00bb1_3&Prime; _builder_version=\u00a0\u00bb4.24.0&Prime; _module_preset=\u00a0\u00bbdefault\u00a0\u00bb global_colors_info=\u00a0\u00bb{}\u00a0\u00bb][et_pb_text _builder_version=\u00a0\u00bb4.24.0&Prime; _module_preset=\u00a0\u00bbdefault\u00a0\u00bb text_font=\u00a0\u00bbAbyssinica SIL||||||||\u00a0\u00bb custom_padding=\u00a0\u00bb||11px|||\u00a0\u00bb global_colors_info=\u00a0\u00bb{}\u00a0\u00bb]<\/p>\n<p style=\"text-align: center;\"><span style=\"color: #000000;\"><strong>BIBLIOTHEQUE HELSINKI<\/strong><\/span><\/p>\n<p>[\/et_pb_text][\/et_pb_column][\/et_pb_row][\/et_pb_section]<\/p>\n","protected":false},"excerpt":{"rendered":"<p>Bienvenue \u00e0 tous Je m&rsquo;appelle Le\u00efa Rabou, je suis actuellement \u00e9tudiante en c\u00e9sure \u00e0 l&rsquo;ISCOM Lyon. En septembre 2026 j&rsquo;int\u00e8grerai le Master Marketing Strat\u00e9gie de Marque et Publicit\u00e9 de l&rsquo;ISCOM Lyon. Qui suis-je en bref\u00a0 Passionn\u00e9e de cin\u00e9ma depuis toute petite, j&rsquo;ai cr\u00e9e il y a 4 ans, avec deux amis, un podcast\u00a0 \u00ab\u00a0La Pellicule\u00a0\u00bb [&hellip;]<\/p>\n","protected":false},"author":1,"featured_media":0,"parent":0,"menu_order":0,"comment_status":"closed","ping_status":"closed","template":"","meta":{"_et_pb_use_builder":"on","_et_pb_old_content":"<!-- wp:divi\/placeholder \/-->","_et_gb_content_width":"","footnotes":""},"class_list":["post-36","page","type-page","status-publish","hentry"],"_hostinger_reach_plugin_has_subscription_block":false,"_hostinger_reach_plugin_is_elementor":false,"_links":{"self":[{"href":"https:\/\/leiarabou.portfolio-communication.fr\/index.php?rest_route=\/wp\/v2\/pages\/36","targetHints":{"allow":["GET"]}}],"collection":[{"href":"https:\/\/leiarabou.portfolio-communication.fr\/index.php?rest_route=\/wp\/v2\/pages"}],"about":[{"href":"https:\/\/leiarabou.portfolio-communication.fr\/index.php?rest_route=\/wp\/v2\/types\/page"}],"author":[{"embeddable":true,"href":"https:\/\/leiarabou.portfolio-communication.fr\/index.php?rest_route=\/wp\/v2\/users\/1"}],"replies":[{"embeddable":true,"href":"https:\/\/leiarabou.portfolio-communication.fr\/index.php?rest_route=%2Fwp%2Fv2%2Fcomments&post=36"}],"version-history":[{"count":66,"href":"https:\/\/leiarabou.portfolio-communication.fr\/index.php?rest_route=\/wp\/v2\/pages\/36\/revisions"}],"predecessor-version":[{"id":1089,"href":"https:\/\/leiarabou.portfolio-communication.fr\/index.php?rest_route=\/wp\/v2\/pages\/36\/revisions\/1089"}],"wp:attachment":[{"href":"https:\/\/leiarabou.portfolio-communication.fr\/index.php?rest_route=%2Fwp%2Fv2%2Fmedia&parent=36"}],"curies":[{"name":"wp","href":"https:\/\/api.w.org\/{rel}","templated":true}]}}