{"id":1060,"date":"2026-03-25T09:25:23","date_gmt":"2026-03-25T08:25:23","guid":{"rendered":"https:\/\/leiarabou.portfolio-communication.fr\/?page_id=1060"},"modified":"2026-03-25T09:58:19","modified_gmt":"2026-03-25T08:58:19","slug":"la-pellicule-podcast","status":"publish","type":"page","link":"https:\/\/leiarabou.portfolio-communication.fr\/?page_id=1060","title":{"rendered":"La Pellicule Podcast"},"content":{"rendered":"<p>[et_pb_section fb_built=\u00a0\u00bb1&Prime; _builder_version=\u00a0\u00bb4.24.0&Prime; _module_preset=\u00a0\u00bbdefault\u00a0\u00bb background_color=\u00a0\u00bbgcid-1947064e-1394-4cc1-b659-fa6a1a48d3c0&Prime; global_colors_info=\u00a0\u00bb{%22gcid-1947064e-1394-4cc1-b659-fa6a1a48d3c0%22:%91%22background_color%22%93}\u00a0\u00bb][et_pb_row column_structure=\u00a0\u00bb1_2,1_2&Prime; _builder_version=\u00a0\u00bb4.24.0&Prime; _module_preset=\u00a0\u00bbdefault\u00a0\u00bb global_colors_info=\u00a0\u00bb{}\u00a0\u00bb][et_pb_column type=\u00a0\u00bb1_2&Prime; _builder_version=\u00a0\u00bb4.24.0&Prime; _module_preset=\u00a0\u00bbdefault\u00a0\u00bb global_colors_info=\u00a0\u00bb{}\u00a0\u00bb][et_pb_text _builder_version=\u00a0\u00bb4.24.0&Prime; _module_preset=\u00a0\u00bbdefault\u00a0\u00bb text_font=\u00a0\u00bbAbyssinica SIL||||||||\u00a0\u00bb text_text_color=\u00a0\u00bb#000000&Prime; text_font_size=\u00a0\u00bb50px\u00a0\u00bb global_colors_info=\u00a0\u00bb{}\u00a0\u00bb]<\/p>\n<p><em><strong>Mon experience radio<\/strong><\/em><\/p>\n<p><em><strong>Podcast La Pellicule\u00a0<\/strong><\/em><\/p>\n<p>[\/et_pb_text][\/et_pb_column][et_pb_column type=\u00a0\u00bb1_2&Prime; _builder_version=\u00a0\u00bb4.24.0&Prime; _module_preset=\u00a0\u00bbdefault\u00a0\u00bb global_colors_info=\u00a0\u00bb{}\u00a0\u00bb][et_pb_image src=\u00a0\u00bbhttps:\/\/leiarabou.portfolio-communication.fr\/wp-content\/uploads\/2026\/03\/IMG_4173.jpg\u00a0\u00bb alt=\u00a0\u00bbLa Pellicule\u00a0\u00bb title_text=\u00a0\u00bbLa Pellicule\u00a0\u00bb _builder_version=\u00a0\u00bb4.24.0&Prime; _module_preset=\u00a0\u00bbdefault\u00a0\u00bb global_colors_info=\u00a0\u00bb{}\u00a0\u00bb][\/et_pb_image][\/et_pb_column][\/et_pb_row][et_pb_row _builder_version=\u00a0\u00bb4.24.0&Prime; _module_preset=\u00a0\u00bbdefault\u00a0\u00bb global_colors_info=\u00a0\u00bb{}\u00a0\u00bb][et_pb_column type=\u00a0\u00bb4_4&Prime; _builder_version=\u00a0\u00bb4.24.0&Prime; _module_preset=\u00a0\u00bbdefault\u00a0\u00bb global_colors_info=\u00a0\u00bb{}\u00a0\u00bb][et_pb_text _builder_version=\u00a0\u00bb4.24.0&Prime; _module_preset=\u00a0\u00bbdefault\u00a0\u00bb text_font=\u00a0\u00bbAbyssinica SIL||||||||\u00a0\u00bb hover_enabled=\u00a0\u00bb0&Prime; global_colors_info=\u00a0\u00bb{}\u00a0\u00bb sticky_enabled=\u00a0\u00bb0&Prime;]<\/p>\n<div class=\"prose dark:prose-invert inline leading-relaxed break-words min-w-0 [word-break:break-word] prose-strong:font-bold [&amp;_&gt;*:first-child]:mt-0 [&amp;_&gt;*:last-child]:mb-0\">\n<p class=\"my-2 [&amp;+p]:mt-4 [&amp;_strong:has(+br)]:inline-block [&amp;_strong:has(+br)]:pb-2\"><span style=\"color: #000000;\">Pendant mes \u00e9tudes \u00e0 l\u2019UCLy, j\u2019ai eu l\u2019opportunit\u00e9 de faire de la radio au sein de ma facult\u00e9. <\/span><\/p>\n<p class=\"my-2 [&amp;+p]:mt-4 [&amp;_strong:has(+br)]:inline-block [&amp;_strong:has(+br)]:pb-2\"><span style=\"color: #000000;\">Avec deux amis, nous avons cr\u00e9\u00e9 un podcast \u00e0 trois, dans lequel nous parlions des sorties cin\u00e9ma du moment, de nos go\u00fbts et de nos d\u00e9couvertes culturelles. <\/span><\/p>\n<p class=\"my-2 [&amp;+p]:mt-4 [&amp;_strong:has(+br)]:inline-block [&amp;_strong:has(+br)]:pb-2\"><span style=\"color: #000000;\">Je participais \u00e0 l\u2019\u00e9criture des \u00e9pisodes en collaboration avec mon \u00e9quipe, et j\u2019\u00e9tais \u00e9galement en charge du montage et de la communication autour de chaque \u00e9mission, pour faire conna\u00eetre notre travail au sein de l\u2019association.<\/span><\/p>\n<p class=\"my-2 [&amp;+p]:mt-4 [&amp;_strong:has(+br)]:inline-block [&amp;_strong:has(+br)]:pb-2\"><span style=\"color: #000000;\">Je m&rsquo;occupais \u00e9galement de toute la communication sur instagram pour les diff\u00e9rentes \u00e9missions radios, pas seulement la notre.\u00a0<\/span><\/p>\n<p class=\"my-2 [&amp;+p]:mt-4 [&amp;_strong:has(+br)]:inline-block [&amp;_strong:has(+br)]:pb-2\"><span style=\"color: #000000;\">Cette aventure a dur\u00e9 deux ans, une p\u00e9riode tr\u00e8s enrichissante autant sur le plan cr\u00e9atif que technique. <\/span><\/p>\n<p class=\"my-2 [&amp;+p]:mt-4 [&amp;_strong:has(+br)]:inline-block [&amp;_strong:has(+br)]:pb-2\"><span style=\"color: #000000;\">Apr\u00e8s une pause, nous avons aujourd\u2019hui le projet de relancer le podcast, avec de nouvelles id\u00e9es et la m\u00eame passion qu\u2019\u00e0 nos d\u00e9buts.<\/span><\/p>\n<p class=\"my-2 [&amp;+p]:mt-4 [&amp;_strong:has(+br)]:inline-block [&amp;_strong:has(+br)]:pb-2\"><span style=\"color: #000000;\">Vous pouvez \u00e9couter l&rsquo;une de nos \u00e9missions juste en dessous :<\/span><\/p>\n<p class=\"my-2 [&amp;+p]:mt-4 [&amp;_strong:has(+br)]:inline-block [&amp;_strong:has(+br)]:pb-2\">\n<\/div>\n<p>[\/et_pb_text][et_pb_video src=\u00a0\u00bbhttps:\/\/leiarabou.portfolio-communication.fr\/wp-content\/uploads\/2026\/03\/LA-PELLICULE-Janvier-2023-finale.mp4&Prime; _builder_version=\u00a0\u00bb4.24.0&Prime; _module_preset=\u00a0\u00bbdefault\u00a0\u00bb title_text=\u00a0\u00bbLA-PELLICULE-Janvier-2023-finale\u00a0\u00bb hover_enabled=\u00a0\u00bb0&Prime; sticky_enabled=\u00a0\u00bb0&Prime;][\/et_pb_video][\/et_pb_column][\/et_pb_row][\/et_pb_section]<\/p>\n","protected":false},"excerpt":{"rendered":"<p>Mon experience radio Podcast La Pellicule\u00a0 Pendant mes \u00e9tudes \u00e0 l\u2019UCLy, j\u2019ai eu l\u2019opportunit\u00e9 de faire de la radio au sein de ma facult\u00e9. Avec deux amis, nous avons cr\u00e9\u00e9 un podcast \u00e0 trois, dans lequel nous parlions des sorties cin\u00e9ma du moment, de nos go\u00fbts et de nos d\u00e9couvertes culturelles. Je participais \u00e0 l\u2019\u00e9criture [&hellip;]<\/p>\n","protected":false},"author":1,"featured_media":0,"parent":0,"menu_order":0,"comment_status":"closed","ping_status":"closed","template":"","meta":{"_et_pb_use_builder":"on","_et_pb_old_content":"","_et_gb_content_width":"","footnotes":""},"class_list":["post-1060","page","type-page","status-publish","hentry"],"_hostinger_reach_plugin_has_subscription_block":false,"_hostinger_reach_plugin_is_elementor":false,"_links":{"self":[{"href":"https:\/\/leiarabou.portfolio-communication.fr\/index.php?rest_route=\/wp\/v2\/pages\/1060","targetHints":{"allow":["GET"]}}],"collection":[{"href":"https:\/\/leiarabou.portfolio-communication.fr\/index.php?rest_route=\/wp\/v2\/pages"}],"about":[{"href":"https:\/\/leiarabou.portfolio-communication.fr\/index.php?rest_route=\/wp\/v2\/types\/page"}],"author":[{"embeddable":true,"href":"https:\/\/leiarabou.portfolio-communication.fr\/index.php?rest_route=\/wp\/v2\/users\/1"}],"replies":[{"embeddable":true,"href":"https:\/\/leiarabou.portfolio-communication.fr\/index.php?rest_route=%2Fwp%2Fv2%2Fcomments&post=1060"}],"version-history":[{"count":6,"href":"https:\/\/leiarabou.portfolio-communication.fr\/index.php?rest_route=\/wp\/v2\/pages\/1060\/revisions"}],"predecessor-version":[{"id":1088,"href":"https:\/\/leiarabou.portfolio-communication.fr\/index.php?rest_route=\/wp\/v2\/pages\/1060\/revisions\/1088"}],"wp:attachment":[{"href":"https:\/\/leiarabou.portfolio-communication.fr\/index.php?rest_route=%2Fwp%2Fv2%2Fmedia&parent=1060"}],"curies":[{"name":"wp","href":"https:\/\/api.w.org\/{rel}","templated":true}]}}